{"id":5504,"date":"2015-12-07T11:32:36","date_gmt":"2015-12-07T10:32:36","guid":{"rendered":"http:\/\/www.andreclaude.fr\/web\/index.php\/produit\/laurent-perrier-grand-siecle\/"},"modified":"2022-01-07T18:20:54","modified_gmt":"2022-01-07T17:20:54","slug":"laurent-perrier-grand-siecle","status":"publish","type":"product","link":"https:\/\/www.andreclaude.fr\/web\/index.php\/produit\/laurent-perrier-grand-siecle\/","title":{"rendered":"Champagne Laurent Perrier Grand Si\u00e8cle la bouteille 75 cl"},"content":{"rendered":"","protected":false},"excerpt":{"rendered":"<p>Assemblage unique de grands crus prestigieux et d&rsquo;ann\u00e9es exceptionnellement mill\u00e9sim\u00e9es, Grand si\u00e8cle conjugue avec \u00e9l\u00e9gance la puissance et la d\u00e9licatesse.<\/p>\n<p>Alcool : 12 % Contient des sulfites<\/p>\n<p>Laurent Perrier Tours sur Marne<\/p>\n<p>La consommation de boissons alcoolis\u00e9es pendant la grossesse, m\u00eame en faible quantit\u00e9, peut avoir des cons\u00e9quences graves sur la sant\u00e9 de l\u2019enfant.<\/p>\n<p>LA VENTE D ALCOOL EST INTERDITE AUX MINEURS.<\/p>\n<p>L ABUS D ALCOOL EST DANGEREUX POUR LA SANTE. A CONSOMMER AVEC MODERATION.<\/p>\n","protected":false},"featured_media":5505,"comment_status":"closed","ping_status":"closed","template":"","meta":[],"product_cat":[194,159],"product_tag":[],"jetpack_publicize_connections":[],"_links":{"self":[{"href":"https:\/\/www.andreclaude.fr\/web\/index.php\/wp-json\/wp\/v2\/product\/5504"}],"collection":[{"href":"https:\/\/www.andreclaude.fr\/web\/index.php\/wp-json\/wp\/v2\/product"}],"about":[{"href":"https:\/\/www.andreclaude.fr\/web\/index.php\/wp-json\/wp\/v2\/types\/product"}],"replies":[{"embeddable":true,"href":"https:\/\/www.andreclaude.fr\/web\/index.php\/wp-json\/wp\/v2\/comments?post=5504"}],"wp:featuredmedia":[{"embeddable":true,"href":"https:\/\/www.andreclaude.fr\/web\/index.php\/wp-json\/wp\/v2\/media\/5505"}],"wp:attachment":[{"href":"https:\/\/www.andreclaude.fr\/web\/index.php\/wp-json\/wp\/v2\/media?parent=5504"}],"wp:term":[{"taxonomy":"product_cat","embeddable":true,"href":"https:\/\/www.andreclaude.fr\/web\/index.php\/wp-json\/wp\/v2\/product_cat?post=5504"},{"taxonomy":"product_tag","embeddable":true,"href":"https:\/\/www.andreclaude.fr\/web\/index.php\/wp-json\/wp\/v2\/product_tag?post=5504"}],"curies":[{"name":"wp","href":"https:\/\/api.w.org\/{rel}","templated":true}]}}