{"id":5470,"date":"2015-12-07T11:32:18","date_gmt":"2015-12-07T10:32:18","guid":{"rendered":"http:\/\/www.andreclaude.fr\/web\/index.php\/produit\/petit-chablis-2009\/"},"modified":"2024-12-30T08:43:52","modified_gmt":"2024-12-30T07:43:52","slug":"petit-chablis-2009","status":"publish","type":"product","link":"https:\/\/www.andreclaude.fr\/web\/index.php\/produit\/petit-chablis-2009\/","title":{"rendered":"Petit chablis 75 cl 2022"},"content":{"rendered":"","protected":false},"excerpt":{"rendered":"<div class=\"field field--name-field-caracteristique field--type-string field--label-hidden field__item\">Vif &amp; Fougueux<\/div>\n<div class=\"product-read-more\">\n<div class=\"clearfix text-formatted field field--name-body field--type-text-with-summary field--label-hidden field__item\">\n<p>Robe or tr\u00e8s p\u00e2le, vin limpide et brillant.<br \/>\n1er nez entrouvert pr\u00e9sentant les fruits blancs du verger.<br \/>\nA l\u2019a\u00e9ration une \u00e9l\u00e9gante touche min\u00e9rale compl\u00e8te la pr\u00e9sentation.<br \/>\nPersistant.<br \/>\nBouche fra\u00eeche, ample et tendue avec une belle palette<br \/>\nde fruits blancs \u00a0bien pr\u00e9sent\u00e9s.<br \/>\nBelle finale \u00e9clatante.<br \/>\nPetit Chablis de grand plaisir.<\/p>\n<\/div>\n<\/div>\n<p>La consommation de boissons alcoolis\u00e9es pendant la grossesse, m\u00eame en faible quantit\u00e9, peut avoir des cons\u00e9quences graves sur la sant\u00e9 de l\u2019enfant.<\/p>\n<p>Alcool 12,5 % Contient des sulfites.<\/p>\n<p><span class=\"st\">La Chablisienne Boulevard Pasteur 89800 Chablis.<\/span><\/p>\n<p>LA VENTE D ALCOOL EST INTERDITE AUX MINEURS.<\/p>\n<p>L ABUS D ALCOOL EST DANGEREUX POUR LA SANTE. A CONSOMMER AVEC MODERATION.<\/p>\n<p>&nbsp;<\/p>\n","protected":false},"featured_media":16002,"comment_status":"closed","ping_status":"closed","template":"","meta":[],"product_cat":[194,158],"product_tag":[],"jetpack_publicize_connections":[],"_links":{"self":[{"href":"https:\/\/www.andreclaude.fr\/web\/index.php\/wp-json\/wp\/v2\/product\/5470"}],"collection":[{"href":"https:\/\/www.andreclaude.fr\/web\/index.php\/wp-json\/wp\/v2\/product"}],"about":[{"href":"https:\/\/www.andreclaude.fr\/web\/index.php\/wp-json\/wp\/v2\/types\/product"}],"replies":[{"embeddable":true,"href":"https:\/\/www.andreclaude.fr\/web\/index.php\/wp-json\/wp\/v2\/comments?post=5470"}],"wp:featuredmedia":[{"embeddable":true,"href":"https:\/\/www.andreclaude.fr\/web\/index.php\/wp-json\/wp\/v2\/media\/16002"}],"wp:attachment":[{"href":"https:\/\/www.andreclaude.fr\/web\/index.php\/wp-json\/wp\/v2\/media?parent=5470"}],"wp:term":[{"taxonomy":"product_cat","embeddable":true,"href":"https:\/\/www.andreclaude.fr\/web\/index.php\/wp-json\/wp\/v2\/product_cat?post=5470"},{"taxonomy":"product_tag","embeddable":true,"href":"https:\/\/www.andreclaude.fr\/web\/index.php\/wp-json\/wp\/v2\/product_tag?post=5470"}],"curies":[{"name":"wp","href":"https:\/\/api.w.org\/{rel}","templated":true}]}}