{"id":5469,"date":"2015-12-07T11:32:10","date_gmt":"2015-12-07T10:32:10","guid":{"rendered":"http:\/\/www.andreclaude.fr\/web\/index.php\/produit\/beaune-1er-cru-les-boucherottes-2001\/"},"modified":"2024-12-30T08:40:03","modified_gmt":"2024-12-30T07:40:03","slug":"beaune-1er-cru-les-boucherottes-2001","status":"publish","type":"product","link":"https:\/\/www.andreclaude.fr\/web\/index.php\/produit\/beaune-1er-cru-les-boucherottes-2001\/","title":{"rendered":"L.J. Beaune Premier Cru 75 cl 2015"},"content":{"rendered":"<p>&nbsp;<\/p>\n<div id=\"jp-relatedposts\" class=\"jp-relatedposts\"><\/div>\n","protected":false},"excerpt":{"rendered":"<p>Le vignoble de Beaune, situ\u00e9 entre Savigny les Beaune au Nord et Pommard au Sud, est le plus \u00e9tendu de la C\u00f4te de Beaune. Il n&rsquo;y a pas de Grand Cru sur cette commune, mais 36 Premiers Crus.<\/p>\n<p>Alcool 13 % Contient des sulfites.<\/p>\n<p>Maison Louis Jadot <span class=\"LrzXr\">Route de Savigny, 21200 Beaune<\/span><\/p>\n<p>La consommation de boissons alcoolis\u00e9es pendant la grossesse, m\u00eame en faible quantit\u00e9, peut avoir des cons\u00e9quences graves sur la sant\u00e9 de l\u2019enfant.<\/p>\n<p>LA VENTE D ALCOOL EST INTERDITE AUX MINEURS.<\/p>\n<p>L ABUS D ALCOOL EST DANGEREUX POUR LA SANTE. A CONSOMMER AVEC MODERATION.<\/p>\n","protected":false},"featured_media":10452,"comment_status":"closed","ping_status":"closed","template":"","meta":[],"product_cat":[194,158],"product_tag":[],"jetpack_publicize_connections":[],"_links":{"self":[{"href":"https:\/\/www.andreclaude.fr\/web\/index.php\/wp-json\/wp\/v2\/product\/5469"}],"collection":[{"href":"https:\/\/www.andreclaude.fr\/web\/index.php\/wp-json\/wp\/v2\/product"}],"about":[{"href":"https:\/\/www.andreclaude.fr\/web\/index.php\/wp-json\/wp\/v2\/types\/product"}],"replies":[{"embeddable":true,"href":"https:\/\/www.andreclaude.fr\/web\/index.php\/wp-json\/wp\/v2\/comments?post=5469"}],"wp:featuredmedia":[{"embeddable":true,"href":"https:\/\/www.andreclaude.fr\/web\/index.php\/wp-json\/wp\/v2\/media\/10452"}],"wp:attachment":[{"href":"https:\/\/www.andreclaude.fr\/web\/index.php\/wp-json\/wp\/v2\/media?parent=5469"}],"wp:term":[{"taxonomy":"product_cat","embeddable":true,"href":"https:\/\/www.andreclaude.fr\/web\/index.php\/wp-json\/wp\/v2\/product_cat?post=5469"},{"taxonomy":"product_tag","embeddable":true,"href":"https:\/\/www.andreclaude.fr\/web\/index.php\/wp-json\/wp\/v2\/product_tag?post=5469"}],"curies":[{"name":"wp","href":"https:\/\/api.w.org\/{rel}","templated":true}]}}