{"id":5465,"date":"2015-12-07T11:32:10","date_gmt":"2015-12-07T10:32:10","guid":{"rendered":"http:\/\/www.andreclaude.fr\/web\/index.php\/produit\/bourgogne-couvent-des-jacobins-2010\/"},"modified":"2024-12-30T08:33:41","modified_gmt":"2024-12-30T07:33:41","slug":"bourgogne-couvent-des-jacobins-2010","status":"publish","type":"product","link":"https:\/\/www.andreclaude.fr\/web\/index.php\/produit\/bourgogne-couvent-des-jacobins-2010\/","title":{"rendered":"L.J. Bourgogne Couvent des Jacobins 75 cl 2022"},"content":{"rendered":"","protected":false},"excerpt":{"rendered":"<p>Il pourra \u00eatre servi assez frais dans sa jeunesse en accompagnement de viandes rouges grill\u00e9es ou r\u00f4ties. Apr\u00e8s deux ans, il demandera des plats plus sophistiqu\u00e9s comme des gibiers l\u00e9gers et des fromages \u00e0 p\u00e2te molle.<\/p>\n<p>Alcool 12.5 % Contient des sulfites.<\/p>\n<p>Maison Louis Jadot <span class=\"LrzXr\">Route de Savigny, 21200 Beaune<\/span><\/p>\n<p>La consommation de boissons alcoolis\u00e9es pendant la grossesse, m\u00eame en faible quantit\u00e9, peut avoir des cons\u00e9quences graves sur la sant\u00e9 de l\u2019enfant.<\/p>\n<p>LA VENTE D ALCOOL EST INTERDITE AUX MINEURS.<\/p>\n<p>L ABUS D ALCOOL EST DANGEREUX POUR LA SANTE. A CONSOMMER AVEC MODERATION.<\/p>\n","protected":false},"featured_media":14439,"comment_status":"closed","ping_status":"closed","template":"","meta":[],"product_cat":[194,158],"product_tag":[],"jetpack_publicize_connections":[],"_links":{"self":[{"href":"https:\/\/www.andreclaude.fr\/web\/index.php\/wp-json\/wp\/v2\/product\/5465"}],"collection":[{"href":"https:\/\/www.andreclaude.fr\/web\/index.php\/wp-json\/wp\/v2\/product"}],"about":[{"href":"https:\/\/www.andreclaude.fr\/web\/index.php\/wp-json\/wp\/v2\/types\/product"}],"replies":[{"embeddable":true,"href":"https:\/\/www.andreclaude.fr\/web\/index.php\/wp-json\/wp\/v2\/comments?post=5465"}],"wp:featuredmedia":[{"embeddable":true,"href":"https:\/\/www.andreclaude.fr\/web\/index.php\/wp-json\/wp\/v2\/media\/14439"}],"wp:attachment":[{"href":"https:\/\/www.andreclaude.fr\/web\/index.php\/wp-json\/wp\/v2\/media?parent=5465"}],"wp:term":[{"taxonomy":"product_cat","embeddable":true,"href":"https:\/\/www.andreclaude.fr\/web\/index.php\/wp-json\/wp\/v2\/product_cat?post=5465"},{"taxonomy":"product_tag","embeddable":true,"href":"https:\/\/www.andreclaude.fr\/web\/index.php\/wp-json\/wp\/v2\/product_tag?post=5465"}],"curies":[{"name":"wp","href":"https:\/\/api.w.org\/{rel}","templated":true}]}}