{"id":5463,"date":"2015-12-07T11:32:10","date_gmt":"2015-12-07T10:32:10","guid":{"rendered":"http:\/\/www.andreclaude.fr\/web\/index.php\/produit\/chablis-cuvee-la-chablisienne-2009\/"},"modified":"2024-12-30T08:32:52","modified_gmt":"2024-12-30T07:32:52","slug":"chablis-cuvee-la-chablisienne-2009","status":"publish","type":"product","link":"https:\/\/www.andreclaude.fr\/web\/index.php\/produit\/chablis-cuvee-la-chablisienne-2009\/","title":{"rendered":"Chablis la Chablisienne 75 cl 2019"},"content":{"rendered":"","protected":false},"excerpt":{"rendered":"<p>la Chablisienne, d\u00e9voile de magnifiques cuv\u00e9es depuis 1923. C&rsquo;est clairement une r\u00e9f\u00e9rence pour les vins de Chablis.<br \/>\nLa robe de ce Chablis est intense et brillante, d&rsquo;un jaune dor\u00e9.<br \/>\nEn bouche, ce Chablis est \u00e9l\u00e9gant et vif, avec des notes min\u00e9rales et une tr\u00e8s belle pr\u00e9cision.<\/p>\n<p>Alcool 12.5 %. Contient des sulfites.<\/p>\n<p><span class=\"st\">La Chablisienne Boulevard Pasteur 89800 Chablis.<\/span><\/p>\n<p>La consommation de boissons alcoolis\u00e9es pendant la grossesse, m\u00eame en faible quantit\u00e9, peut avoir des cons\u00e9quences graves sur la sant\u00e9 de l\u2019enfant.<\/p>\n<p>LA VENTE D ALCOOL EST INTERDITE AUX MINEURS.<\/p>\n<p>L ABUS D ALCOOL EST DANGEREUX POUR LA SANTE. A CONSOMMER AVEC MODERATION.<\/p>\n<\/div>\n<\/div>\n","protected":false},"featured_media":20702,"comment_status":"closed","ping_status":"closed","template":"","meta":[],"product_cat":[194,158],"product_tag":[],"jetpack_publicize_connections":[],"_links":{"self":[{"href":"https:\/\/www.andreclaude.fr\/web\/index.php\/wp-json\/wp\/v2\/product\/5463"}],"collection":[{"href":"https:\/\/www.andreclaude.fr\/web\/index.php\/wp-json\/wp\/v2\/product"}],"about":[{"href":"https:\/\/www.andreclaude.fr\/web\/index.php\/wp-json\/wp\/v2\/types\/product"}],"replies":[{"embeddable":true,"href":"https:\/\/www.andreclaude.fr\/web\/index.php\/wp-json\/wp\/v2\/comments?post=5463"}],"wp:featuredmedia":[{"embeddable":true,"href":"https:\/\/www.andreclaude.fr\/web\/index.php\/wp-json\/wp\/v2\/media\/20702"}],"wp:attachment":[{"href":"https:\/\/www.andreclaude.fr\/web\/index.php\/wp-json\/wp\/v2\/media?parent=5463"}],"wp:term":[{"taxonomy":"product_cat","embeddable":true,"href":"https:\/\/www.andreclaude.fr\/web\/index.php\/wp-json\/wp\/v2\/product_cat?post=5463"},{"taxonomy":"product_tag","embeddable":true,"href":"https:\/\/www.andreclaude.fr\/web\/index.php\/wp-json\/wp\/v2\/product_tag?post=5463"}],"curies":[{"name":"wp","href":"https:\/\/api.w.org\/{rel}","templated":true}]}}