{"id":5445,"date":"2015-12-07T11:31:59","date_gmt":"2015-12-07T10:31:59","guid":{"rendered":"http:\/\/www.andreclaude.fr\/web\/index.php\/produit\/chateau-tour-de-segur-2010\/"},"modified":"2023-11-21T09:31:33","modified_gmt":"2023-11-21T08:31:33","slug":"chateau-tour-de-segur-2010","status":"publish","type":"product","link":"https:\/\/www.andreclaude.fr\/web\/index.php\/produit\/chateau-tour-de-segur-2010\/","title":{"rendered":"Ch\u00e2teau Tour de S\u00e9gur la bouteille 75 cl 2018"},"content":{"rendered":"","protected":false},"excerpt":{"rendered":"<p>Issus d&rsquo;un terroir de caract\u00e8re, les vins du Ch\u00e2teau Tour de S\u00e9gur se distinguent par la couleur profonde de leur robe et leur bouquet subtil, tout en finesse et g\u00e9n\u00e9rosit\u00e9.Une attaque souple, une belle structure en bouche ronde et soyeuse, un tr\u00e8s joli fruit\u00e9 avec des ar\u00f4mes de vanille\u00a0: voici tout ce que nous r\u00e9serve cet \u00e9l\u00e9gant et gourmand Tour de S\u00e9gur de chez Andr\u00e9 Lurton.<\/p>\n<p class=\" text-justify\">Alcool 13 % Contient des sulfites.<\/p>\n<p class=\" text-justify\">\n<p class=\" text-justify\">La consommation de boissons alcoolis\u00e9es pendant la grossesse, m\u00eame en faible quantit\u00e9, peut avoir des cons\u00e9quences graves sur la sant\u00e9 de l\u2019enfant.<\/p>\n<p class=\" text-justify\">L ABUS D ALCOOL EST DANGEREUX POUR LA SANTE. A CONSOMMER AVEC MODERATION.<\/p>\n<p class=\" text-justify\">LA VENTE D ALCOOL EST INTERDITE AUX MINEURS.<\/p>\n<p>Vignobles ANDRE Lurton Gr\u00e9zillac France<\/p>\n","protected":false},"featured_media":7160,"comment_status":"closed","ping_status":"closed","template":"","meta":[],"product_cat":[194,157],"product_tag":[],"jetpack_publicize_connections":[],"_links":{"self":[{"href":"https:\/\/www.andreclaude.fr\/web\/index.php\/wp-json\/wp\/v2\/product\/5445"}],"collection":[{"href":"https:\/\/www.andreclaude.fr\/web\/index.php\/wp-json\/wp\/v2\/product"}],"about":[{"href":"https:\/\/www.andreclaude.fr\/web\/index.php\/wp-json\/wp\/v2\/types\/product"}],"replies":[{"embeddable":true,"href":"https:\/\/www.andreclaude.fr\/web\/index.php\/wp-json\/wp\/v2\/comments?post=5445"}],"wp:featuredmedia":[{"embeddable":true,"href":"https:\/\/www.andreclaude.fr\/web\/index.php\/wp-json\/wp\/v2\/media\/7160"}],"wp:attachment":[{"href":"https:\/\/www.andreclaude.fr\/web\/index.php\/wp-json\/wp\/v2\/media?parent=5445"}],"wp:term":[{"taxonomy":"product_cat","embeddable":true,"href":"https:\/\/www.andreclaude.fr\/web\/index.php\/wp-json\/wp\/v2\/product_cat?post=5445"},{"taxonomy":"product_tag","embeddable":true,"href":"https:\/\/www.andreclaude.fr\/web\/index.php\/wp-json\/wp\/v2\/product_tag?post=5445"}],"curies":[{"name":"wp","href":"https:\/\/api.w.org\/{rel}","templated":true}]}}