{"id":5443,"date":"2015-12-07T11:31:59","date_gmt":"2015-12-07T10:31:59","guid":{"rendered":"http:\/\/www.andreclaude.fr\/web\/index.php\/produit\/chateau-guibon-2010\/"},"modified":"2023-05-11T08:31:44","modified_gmt":"2023-05-11T07:31:44","slug":"chateau-guibon-2010","status":"publish","type":"product","link":"https:\/\/www.andreclaude.fr\/web\/index.php\/produit\/chateau-guibon-2010\/","title":{"rendered":"Ch\u00e2teau Guibon A. Lurton 75cl 2019"},"content":{"rendered":"","protected":false},"excerpt":{"rendered":"<div id=\"short_description_block\">\n<div class=\"rte\">53.70 \u20ac le carton de 6 bouteilles soit 8.95 \u20ac la bouteille<\/div>\n<div class=\"rte\"><\/div>\n<div id=\"idTab1\" class=\"rte\">Un vin rouge facile et l\u00e9ger. Le compagnon de vos repas en famille. Robe rubis noir. Nez puissant et g\u00e9n\u00e9reux. Bouche souple et fra\u00eeche. Finale longue et r\u00e9gliss\u00e9e. Un pur vin de plaisir.<\/div>\n<div class=\"rte\">La famille Andr\u00e9 Lurton, faiseur de grands vins et propri\u00e9taire de grands domaines Bordelais.<\/div>\n<\/div>\n<div class=\"rte\">\n<p class=\" text-justify\">Alcool 13 % Contient des sulfites.<\/p>\n<p class=\" text-justify\">La consommation de boissons alcoolis\u00e9es pendant la grossesse, m\u00eame en faible quantit\u00e9, peut avoir des cons\u00e9quences graves sur la sant\u00e9 de l\u2019enfant.<\/p>\n<p class=\" text-justify\">L ABUS D ALCOOL EST DANGEREUX POUR LA SANTE. A CONSOMMER AVEC MODERATION.<\/p>\n<p class=\" text-justify\">LA VENTE D ALCOOL EST INTERDITE AUX MINEURS.<\/p>\n<p>Vignobles ANDRE Lurton Gr\u00e9zillac France<\/p>\n<\/div>\n","protected":false},"featured_media":18682,"comment_status":"closed","ping_status":"closed","template":"","meta":[],"product_cat":[194,157],"product_tag":[],"jetpack_publicize_connections":[],"_links":{"self":[{"href":"https:\/\/www.andreclaude.fr\/web\/index.php\/wp-json\/wp\/v2\/product\/5443"}],"collection":[{"href":"https:\/\/www.andreclaude.fr\/web\/index.php\/wp-json\/wp\/v2\/product"}],"about":[{"href":"https:\/\/www.andreclaude.fr\/web\/index.php\/wp-json\/wp\/v2\/types\/product"}],"replies":[{"embeddable":true,"href":"https:\/\/www.andreclaude.fr\/web\/index.php\/wp-json\/wp\/v2\/comments?post=5443"}],"wp:featuredmedia":[{"embeddable":true,"href":"https:\/\/www.andreclaude.fr\/web\/index.php\/wp-json\/wp\/v2\/media\/18682"}],"wp:attachment":[{"href":"https:\/\/www.andreclaude.fr\/web\/index.php\/wp-json\/wp\/v2\/media?parent=5443"}],"wp:term":[{"taxonomy":"product_cat","embeddable":true,"href":"https:\/\/www.andreclaude.fr\/web\/index.php\/wp-json\/wp\/v2\/product_cat?post=5443"},{"taxonomy":"product_tag","embeddable":true,"href":"https:\/\/www.andreclaude.fr\/web\/index.php\/wp-json\/wp\/v2\/product_tag?post=5443"}],"curies":[{"name":"wp","href":"https:\/\/api.w.org\/{rel}","templated":true}]}}