{"id":5438,"date":"2015-12-07T11:31:59","date_gmt":"2015-12-07T10:31:59","guid":{"rendered":"http:\/\/www.andreclaude.fr\/web\/index.php\/produit\/chateau-de-rochemorin-600cl-1996\/"},"modified":"2024-12-14T17:20:17","modified_gmt":"2024-12-14T16:20:17","slug":"chateau-de-rochemorin-600cl-1996","status":"publish","type":"product","link":"https:\/\/www.andreclaude.fr\/web\/index.php\/produit\/chateau-de-rochemorin-600cl-1996\/","title":{"rendered":"Brouilly 2022 Pisse-Vielle Clos de Ponchon"},"content":{"rendered":"","protected":false},"excerpt":{"rendered":"<p>Il repr\u00e9sente 20% de la superficie totale des crus. Par\u00e9 d\u2019une robe rubis profond, il d\u00e9gage des ar\u00f4mes de fruits rouges, avec une l\u00e9g\u00e8re nuance v\u00e9g\u00e9tale. Bien \u00e9quilibr\u00e9 et \u00e9toff\u00e9, d\u2019un corps vineux, ce vin poss\u00e8de une remarquable longueur en bouche et ne craint pas quelques ann\u00e9es pour s\u2019exprimer pleinement. Le pisse-vieille est la seule appellation \u2018\u2019 climat\u2019\u2019 de tous les Brouilly, soit 22 ha sur 1280 ha. Cette appellation climat lui a \u00e9t\u00e9 octroy\u00e9e gr\u00e2ce \u00e0 sa superbe exposition sud .<\/p>\n<p class=\" text-justify\">Alcool 12.5 % Contient des sulfites.<\/p>\n<p class=\" text-justify\">La consommation de boissons alcoolis\u00e9es pendant la grossesse, m\u00eame en faible quantit\u00e9, peut avoir des cons\u00e9quences graves sur la sant\u00e9 de l\u2019enfant.<\/p>\n<p class=\" text-justify\">L ABUS D ALCOOL EST DANGEREUX POUR LA SANTE. A CONSOMMER AVEC MODERATION.<\/p>\n<p class=\" text-justify\">LA VENTE D ALCOOL EST INTERDITE AUX MINEURS.<\/p>\n<p>EARL DUFOUR 69430 R\u00e9gni\u00e9<\/p>\n","protected":false},"featured_media":14542,"comment_status":"closed","ping_status":"closed","template":"","meta":[],"product_cat":[194,156],"product_tag":[],"jetpack_publicize_connections":[],"_links":{"self":[{"href":"https:\/\/www.andreclaude.fr\/web\/index.php\/wp-json\/wp\/v2\/product\/5438"}],"collection":[{"href":"https:\/\/www.andreclaude.fr\/web\/index.php\/wp-json\/wp\/v2\/product"}],"about":[{"href":"https:\/\/www.andreclaude.fr\/web\/index.php\/wp-json\/wp\/v2\/types\/product"}],"replies":[{"embeddable":true,"href":"https:\/\/www.andreclaude.fr\/web\/index.php\/wp-json\/wp\/v2\/comments?post=5438"}],"wp:featuredmedia":[{"embeddable":true,"href":"https:\/\/www.andreclaude.fr\/web\/index.php\/wp-json\/wp\/v2\/media\/14542"}],"wp:attachment":[{"href":"https:\/\/www.andreclaude.fr\/web\/index.php\/wp-json\/wp\/v2\/media?parent=5438"}],"wp:term":[{"taxonomy":"product_cat","embeddable":true,"href":"https:\/\/www.andreclaude.fr\/web\/index.php\/wp-json\/wp\/v2\/product_cat?post=5438"},{"taxonomy":"product_tag","embeddable":true,"href":"https:\/\/www.andreclaude.fr\/web\/index.php\/wp-json\/wp\/v2\/product_tag?post=5438"}],"curies":[{"name":"wp","href":"https:\/\/api.w.org\/{rel}","templated":true}]}}