{"id":5434,"date":"2015-12-07T11:31:59","date_gmt":"2015-12-07T10:31:59","guid":{"rendered":"http:\/\/www.andreclaude.fr\/web\/index.php\/produit\/chateau-coucheroy-2011\/"},"modified":"2024-12-30T08:51:14","modified_gmt":"2024-12-30T07:51:14","slug":"chateau-coucheroy-2011","status":"publish","type":"product","link":"https:\/\/www.andreclaude.fr\/web\/index.php\/produit\/chateau-coucheroy-2011\/","title":{"rendered":"Ch\u00e2teau Coucheroy Pessac L\u00e9ognan 75 cl 2020"},"content":{"rendered":"","protected":false},"excerpt":{"rendered":"<p>A d\u00e9couvrir sans h\u00e9siter, les amateurs de Pessac- L\u00e9ognan se r\u00e9galeront d&rsquo;autant de talents .Un bouquet de fruits rouges, de chocolat et des notes de grill\u00e9 qui se confirme par une bouche s\u00e9ductrice pleine de fra\u00eecheur et de saveurs flatteuses. Un Pessac-Leognan de chez Andr\u00e9 Lurton \u00e0 d\u00e9guster d\u00e8s \u00e0 pr\u00e9sent ou \u00e0 conserver en cave quelques ann\u00e9es !<\/p>\n<p class=\" text-justify\">Alcool 13.5 % Contient des sulfites.<\/p>\n<p class=\" text-justify\">La consommation de boissons alcoolis\u00e9es pendant la grossesse, m\u00eame en faible quantit\u00e9, peut avoir des cons\u00e9quences graves sur la sant\u00e9 de l\u2019enfant.<\/p>\n<p class=\" text-justify\">L ABUS D ALCOOL EST DANGEREUX POUR LA SANTE. A CONSOMMER AVEC MODERATION.<\/p>\n<p class=\" text-justify\">LA VENTE D ALCOOL EST INTERDITE AUX MINEURS.<\/p>\n<p>Vignobles ANDRE Lurton Gr\u00e9zillac France<\/p>\n","protected":false},"featured_media":7154,"comment_status":"closed","ping_status":"closed","template":"","meta":[],"product_cat":[194,157],"product_tag":[],"jetpack_publicize_connections":[],"_links":{"self":[{"href":"https:\/\/www.andreclaude.fr\/web\/index.php\/wp-json\/wp\/v2\/product\/5434"}],"collection":[{"href":"https:\/\/www.andreclaude.fr\/web\/index.php\/wp-json\/wp\/v2\/product"}],"about":[{"href":"https:\/\/www.andreclaude.fr\/web\/index.php\/wp-json\/wp\/v2\/types\/product"}],"replies":[{"embeddable":true,"href":"https:\/\/www.andreclaude.fr\/web\/index.php\/wp-json\/wp\/v2\/comments?post=5434"}],"wp:featuredmedia":[{"embeddable":true,"href":"https:\/\/www.andreclaude.fr\/web\/index.php\/wp-json\/wp\/v2\/media\/7154"}],"wp:attachment":[{"href":"https:\/\/www.andreclaude.fr\/web\/index.php\/wp-json\/wp\/v2\/media?parent=5434"}],"wp:term":[{"taxonomy":"product_cat","embeddable":true,"href":"https:\/\/www.andreclaude.fr\/web\/index.php\/wp-json\/wp\/v2\/product_cat?post=5434"},{"taxonomy":"product_tag","embeddable":true,"href":"https:\/\/www.andreclaude.fr\/web\/index.php\/wp-json\/wp\/v2\/product_tag?post=5434"}],"curies":[{"name":"wp","href":"https:\/\/api.w.org\/{rel}","templated":true}]}}