{"id":5432,"date":"2015-12-07T11:31:48","date_gmt":"2015-12-07T10:31:48","guid":{"rendered":"http:\/\/www.andreclaude.fr\/web\/index.php\/produit\/pigmentum-cahors-2013\/"},"modified":"2022-03-18T11:50:27","modified_gmt":"2022-03-18T10:50:27","slug":"pigmentum-cahors-2013","status":"publish","type":"product","link":"https:\/\/www.andreclaude.fr\/web\/index.php\/produit\/pigmentum-cahors-2013\/","title":{"rendered":"Pigmentum 2020 Malbec Cahors la bouteille 75 cl"},"content":{"rendered":"","protected":false},"excerpt":{"rendered":"<div data-canvas-width=\"228.95000000000007\">45\u00e8me meilleur vin au monde par le Wine Spectator en 2013, c&rsquo;est l&rsquo;un des meilleurs rapports qualit\u00e9\/prix de l\u2019appellation Cahors ! Depuis 2008, Pigmentum Malbec Cahors a re\u00e7u 21 m\u00e9dailles de concours et guides reconnus.<\/div>\n<div data-canvas-width=\"228.95000000000007\"><\/div>\n<div class=\"wp-more-tag mce-wp-more\" title=\"Lire la suite...\" data-canvas-width=\"228.95000000000007\" data-wp-more=\"more\" data-wp-more-text=\"\" data-mce-placeholder=\"1\">Alcool 12,5 % Contient des sulfites.<\/div>\n<div data-canvas-width=\"228.95000000000007\">La consommation de boissons alcoolis\u00e9es pendant la grossesse, m\u00eame en faible quantit\u00e9, peut avoir des cons\u00e9quences graves sur la sant\u00e9 de l\u2019enfant.<\/div>\n<div data-canvas-width=\"228.95000000000007\">L ABUS D ALCOOL EST DANGEREUX POUR LA SANTE. A CONSOMMER AVEC MODERATION.<\/div>\n<div data-canvas-width=\"228.95000000000007\">LA VENTE D ALCOOL EST INTERDITE AUX MINEURS.<\/div>\n<div data-canvas-width=\"228.95000000000007\">Domaine Fafon 46140 Luzech<\/div>\n","protected":false},"featured_media":19226,"comment_status":"closed","ping_status":"closed","template":"","meta":[],"product_cat":[194,157],"product_tag":[],"jetpack_publicize_connections":[],"_links":{"self":[{"href":"https:\/\/www.andreclaude.fr\/web\/index.php\/wp-json\/wp\/v2\/product\/5432"}],"collection":[{"href":"https:\/\/www.andreclaude.fr\/web\/index.php\/wp-json\/wp\/v2\/product"}],"about":[{"href":"https:\/\/www.andreclaude.fr\/web\/index.php\/wp-json\/wp\/v2\/types\/product"}],"replies":[{"embeddable":true,"href":"https:\/\/www.andreclaude.fr\/web\/index.php\/wp-json\/wp\/v2\/comments?post=5432"}],"wp:featuredmedia":[{"embeddable":true,"href":"https:\/\/www.andreclaude.fr\/web\/index.php\/wp-json\/wp\/v2\/media\/19226"}],"wp:attachment":[{"href":"https:\/\/www.andreclaude.fr\/web\/index.php\/wp-json\/wp\/v2\/media?parent=5432"}],"wp:term":[{"taxonomy":"product_cat","embeddable":true,"href":"https:\/\/www.andreclaude.fr\/web\/index.php\/wp-json\/wp\/v2\/product_cat?post=5432"},{"taxonomy":"product_tag","embeddable":true,"href":"https:\/\/www.andreclaude.fr\/web\/index.php\/wp-json\/wp\/v2\/product_tag?post=5432"}],"curies":[{"name":"wp","href":"https:\/\/api.w.org\/{rel}","templated":true}]}}