{"id":5427,"date":"2015-12-07T11:31:48","date_gmt":"2015-12-07T10:31:48","guid":{"rendered":"http:\/\/www.andreclaude.fr\/web\/index.php\/produit\/chateau-bonnet-reserve-rouge-2009\/"},"modified":"2023-05-11T08:17:04","modified_gmt":"2023-05-11T07:17:04","slug":"chateau-bonnet-reserve-rouge-2009","status":"publish","type":"product","link":"https:\/\/www.andreclaude.fr\/web\/index.php\/produit\/chateau-bonnet-reserve-rouge-2009\/","title":{"rendered":"Ch\u00e2teau Bonnet R\u00e9serve A. Lurton 75cl 2016"},"content":{"rendered":"","protected":false},"excerpt":{"rendered":"<p>Sa robe brillante est d\u2019un beau rouge soutenu.Ch\u00e2teau Bonnet R\u00e9serve Rouge figure toujours parmi les Bordeaux de confiance. Les Vignobles Andr\u00e9 Lurton d\u00e9fendent\u00a0l\u2019id\u00e9e de vins \u00e0 la fois charnus et harmonieux comme cette cuv\u00e9e R\u00e9serve, qui pourrait figurer dans les arch\u00e9types des Bordeaux. D\u2019une personnalit\u00e9 irr\u00e9prochable, elle joue l\u2019\u00e9quilibre avec gr\u00e2ce et se d\u00e9couvre dans la profondeur et le charme.<\/p>\n<p class=\" text-justify\">Alcool 13 % Contient des sulfites.<\/p>\n<p class=\" text-justify\">La consommation de boissons alcoolis\u00e9es pendant la grossesse, m\u00eame en faible quantit\u00e9, peut avoir des cons\u00e9quences graves sur la sant\u00e9 de l\u2019enfant.<\/p>\n<p class=\" text-justify\">L ABUS D ALCOOL EST DANGEREUX POUR LA SANTE. A CONSOMMER AVEC MODERATION.<\/p>\n<p class=\" text-justify\">LA VENTE D ALCOOL EST INTERDITE AUX MINEURS.<\/p>\n<p>Vignobles ANDRE Lurton Gr\u00e9zillac France<\/p>\n","protected":false},"featured_media":7731,"comment_status":"closed","ping_status":"closed","template":"","meta":[],"product_cat":[194,157],"product_tag":[],"jetpack_publicize_connections":[],"_links":{"self":[{"href":"https:\/\/www.andreclaude.fr\/web\/index.php\/wp-json\/wp\/v2\/product\/5427"}],"collection":[{"href":"https:\/\/www.andreclaude.fr\/web\/index.php\/wp-json\/wp\/v2\/product"}],"about":[{"href":"https:\/\/www.andreclaude.fr\/web\/index.php\/wp-json\/wp\/v2\/types\/product"}],"replies":[{"embeddable":true,"href":"https:\/\/www.andreclaude.fr\/web\/index.php\/wp-json\/wp\/v2\/comments?post=5427"}],"wp:featuredmedia":[{"embeddable":true,"href":"https:\/\/www.andreclaude.fr\/web\/index.php\/wp-json\/wp\/v2\/media\/7731"}],"wp:attachment":[{"href":"https:\/\/www.andreclaude.fr\/web\/index.php\/wp-json\/wp\/v2\/media?parent=5427"}],"wp:term":[{"taxonomy":"product_cat","embeddable":true,"href":"https:\/\/www.andreclaude.fr\/web\/index.php\/wp-json\/wp\/v2\/product_cat?post=5427"},{"taxonomy":"product_tag","embeddable":true,"href":"https:\/\/www.andreclaude.fr\/web\/index.php\/wp-json\/wp\/v2\/product_tag?post=5427"}],"curies":[{"name":"wp","href":"https:\/\/api.w.org\/{rel}","templated":true}]}}