{"id":5424,"date":"2015-12-07T11:31:48","date_gmt":"2015-12-07T10:31:48","guid":{"rendered":"http:\/\/www.andreclaude.fr\/web\/index.php\/produit\/chateau-tournefeuille-2009\/"},"modified":"2023-05-10T08:57:56","modified_gmt":"2023-05-10T07:57:56","slug":"chateau-tournefeuille-2009","status":"publish","type":"product","link":"https:\/\/www.andreclaude.fr\/web\/index.php\/produit\/chateau-tournefeuille-2009\/","title":{"rendered":"Ch\u00e2teau Tournefeuille  la bouteille 75 cl 2019"},"content":{"rendered":"","protected":false},"excerpt":{"rendered":"<p>Les 17 hectares qui composent le vignoble du Ch\u00e2teau TOURNEFEUILLE appartiennent \u00e0 l&rsquo;appellation Lalande de Pomerol. Admirablement situ\u00e9 sur un \u00e9peron argilo-graveleux unique de la commune de N\u00e9ac face aux plus grands terroirs de Pomerol<i>, <\/i>le vignoble du Ch\u00e2teau TOURNEFEUILLE s\u2019\u00e9tend sur 17 hectares de vignes, rassembl\u00e9s autour du ch\u00e2teau et ses chais. Complant\u00e9 des plus fins c\u00e9pages girondins, produit des vins de grande classe qui sont une remarquable expression de vins de c\u00f4tes.<\/p>\n<p class=\" text-justify\">Alcool 13 % Contient des sulfites.<\/p>\n<p class=\" text-justify\">La consommation de boissons alcoolis\u00e9es pendant la grossesse, m\u00eame en faible quantit\u00e9, peut avoir des cons\u00e9quences graves sur la sant\u00e9 de l\u2019enfant.<\/p>\n<p class=\" text-justify\">L ABUS D ALCOOL EST DANGEREUX POUR LA SANTE. A CONSOMMER AVEC MODERATION.<\/p>\n<p class=\" text-justify\">LA VENTE D ALCOOL EST INTERDITE AUX MINEURS.<\/p>\n<p>Ch\u00e2teau Tournefeuille N\u00e9ac France<\/p>\n","protected":false},"featured_media":7732,"comment_status":"closed","ping_status":"closed","template":"","meta":[],"product_cat":[194,157],"product_tag":[],"jetpack_publicize_connections":[],"_links":{"self":[{"href":"https:\/\/www.andreclaude.fr\/web\/index.php\/wp-json\/wp\/v2\/product\/5424"}],"collection":[{"href":"https:\/\/www.andreclaude.fr\/web\/index.php\/wp-json\/wp\/v2\/product"}],"about":[{"href":"https:\/\/www.andreclaude.fr\/web\/index.php\/wp-json\/wp\/v2\/types\/product"}],"replies":[{"embeddable":true,"href":"https:\/\/www.andreclaude.fr\/web\/index.php\/wp-json\/wp\/v2\/comments?post=5424"}],"wp:featuredmedia":[{"embeddable":true,"href":"https:\/\/www.andreclaude.fr\/web\/index.php\/wp-json\/wp\/v2\/media\/7732"}],"wp:attachment":[{"href":"https:\/\/www.andreclaude.fr\/web\/index.php\/wp-json\/wp\/v2\/media?parent=5424"}],"wp:term":[{"taxonomy":"product_cat","embeddable":true,"href":"https:\/\/www.andreclaude.fr\/web\/index.php\/wp-json\/wp\/v2\/product_cat?post=5424"},{"taxonomy":"product_tag","embeddable":true,"href":"https:\/\/www.andreclaude.fr\/web\/index.php\/wp-json\/wp\/v2\/product_tag?post=5424"}],"curies":[{"name":"wp","href":"https:\/\/api.w.org\/{rel}","templated":true}]}}