{"id":5410,"date":"2015-12-07T11:31:39","date_gmt":"2015-12-07T10:31:39","guid":{"rendered":"http:\/\/www.andreclaude.fr\/web\/index.php\/produit\/fontaine-malepere-rouge-5-litres-vin-de-carcassonne\/"},"modified":"2021-11-20T09:27:50","modified_gmt":"2021-11-20T08:27:50","slug":"muscat-de-rivesaltes-bouteille-75-cl","status":"publish","type":"product","link":"https:\/\/www.andreclaude.fr\/web\/index.php\/produit\/muscat-de-rivesaltes-bouteille-75-cl\/","title":{"rendered":"Muscat de Rivesaltes la bouteille 75 cl"},"content":{"rendered":"","protected":false},"excerpt":{"rendered":"<p class=\"h2\">Vins Doux Naturels<\/p>\n<div class=\"mod-text\">\n<div class=\"mod clearfix\">\n<p>Tr\u00e9sors du Roussillon : Les Vins Doux Naturels sont des purs produits de tradition cr\u00e9\u00e9s en Roussillon. Ces vins g\u00e9n\u00e9reux sont \u00e9labor\u00e9s \u00e0 partir d\u2019un enc\u00e9pagement limit\u00e9 aux c\u00e9pages \u00ab nobles \u00bb : Grenache, Macabeu, Malvoisie du Roussillon et Muscats.<\/p>\n<\/div>\n<\/div>\n<p>la cave des Vignerons des C\u00f4tes d\u2019Agly est aujourd\u2019hui l\u2019une des\u00a0premi\u00e8res coop\u00e9ratives productrices de vins d\u2019Appellation d\u2019Origine Contr\u00f4l\u00e9e du Roussillon.Depuis plusieurs ann\u00e9es, la cave a mis en place une politique volontariste afin de poursuivre l\u2019\u00e9l\u00e9vation du niveau qualitatif sur toute la gamme.<\/p>\n<p>D\u00c9GUSTATION<br \/>\nRobe : or<br \/>\nNez : fleurs de la garrigue, miel, fruits exotiques<br \/>\nBouche : harmonieux, beau volume, miel en final<br \/>\nTemp\u00e9rature de d\u00e9gustation : 8\u00b0 C<\/p>\n<p>Alcool 15,5 % Contient des sulfites.<\/p>\n<p>La consommation de boissons alcoolis\u00e9es pendant la grossesse, m\u00eame en faible quantit\u00e9, peut avoir des cons\u00e9quences graves sur la sant\u00e9 de l\u2019enfant.<\/p>\n<p>LA VENTE D ALCOOL EST INTERDITE AUX MINEURS.<\/p>\n<p>L ABUS D ALCOOL EST DANGEREUX POUR LA SANTE. A CONSOMMER AVEC MODERATION<\/p>\n<p>SARL Vignobles d\u2019agly Ancienne route de Maury 66310 Estagel<\/p>\n","protected":false},"featured_media":15965,"comment_status":"closed","ping_status":"closed","template":"","meta":[],"product_cat":[194,160],"product_tag":[],"jetpack_publicize_connections":[],"_links":{"self":[{"href":"https:\/\/www.andreclaude.fr\/web\/index.php\/wp-json\/wp\/v2\/product\/5410"}],"collection":[{"href":"https:\/\/www.andreclaude.fr\/web\/index.php\/wp-json\/wp\/v2\/product"}],"about":[{"href":"https:\/\/www.andreclaude.fr\/web\/index.php\/wp-json\/wp\/v2\/types\/product"}],"replies":[{"embeddable":true,"href":"https:\/\/www.andreclaude.fr\/web\/index.php\/wp-json\/wp\/v2\/comments?post=5410"}],"wp:featuredmedia":[{"embeddable":true,"href":"https:\/\/www.andreclaude.fr\/web\/index.php\/wp-json\/wp\/v2\/media\/15965"}],"wp:attachment":[{"href":"https:\/\/www.andreclaude.fr\/web\/index.php\/wp-json\/wp\/v2\/media?parent=5410"}],"wp:term":[{"taxonomy":"product_cat","embeddable":true,"href":"https:\/\/www.andreclaude.fr\/web\/index.php\/wp-json\/wp\/v2\/product_cat?post=5410"},{"taxonomy":"product_tag","embeddable":true,"href":"https:\/\/www.andreclaude.fr\/web\/index.php\/wp-json\/wp\/v2\/product_tag?post=5410"}],"curies":[{"name":"wp","href":"https:\/\/api.w.org\/{rel}","templated":true}]}}