{"id":5408,"date":"2015-12-07T11:31:39","date_gmt":"2015-12-07T10:31:39","guid":{"rendered":"http:\/\/www.andreclaude.fr\/web\/index.php\/produit\/chateau-de-laubade-xo-elie-70-cl\/"},"modified":"2022-11-15T11:32:41","modified_gmt":"2022-11-15T10:32:41","slug":"chateau-de-laubade-xo-elie-70-cl","status":"publish","type":"product","link":"https:\/\/www.andreclaude.fr\/web\/index.php\/produit\/chateau-de-laubade-xo-elie-70-cl\/","title":{"rendered":"Armagnac XO Tariquet 70 CL"},"content":{"rendered":"","protected":false},"excerpt":{"rendered":"<p><span class=\"text-soustitre-produit\">Commentaire de d\u00e9gustation :<\/span><br \/>\n<span class=\"text-geneva-normal\">Nez intense, confit, aux ar\u00f4mes de pain chaud avec des notes de fruits confits et de grill\u00e9. La bouche est fra\u00eeche et ronde, souple, t\u00e9moin d\u2019un subtil mariage entre le vanill\u00e9 du bois et le fruit. La finale est \u00e9panouie, elle retient des senteurs pleines de fruits secs et de grill\u00e9..<\/span><\/p>\n<p>Alcool 40\u00b0<\/p>\n<p>&nbsp;<\/p>\n<p>La consommation de boissons alcoolis\u00e9es pendant la grossesse, m\u00eame en faible quantit\u00e9, peut avoir des cons\u00e9quences graves sur la sant\u00e9 de l\u2019enfant.<\/p>\n<p>L ABUS D ALCOOL EST DANGEREUX POUR LA SANTE. A CONSOMMER AVEC MODERATION.<\/p>\n<p>LA VENTE D ALCOOL EST INTERDITE AUX MINEURS.<\/p>\n<p>Domaine du Tariquet 32800 Eauze<\/p>\n","protected":false},"featured_media":19662,"comment_status":"closed","ping_status":"closed","template":"","meta":[],"product_cat":[194,153],"product_tag":[],"jetpack_publicize_connections":[],"_links":{"self":[{"href":"https:\/\/www.andreclaude.fr\/web\/index.php\/wp-json\/wp\/v2\/product\/5408"}],"collection":[{"href":"https:\/\/www.andreclaude.fr\/web\/index.php\/wp-json\/wp\/v2\/product"}],"about":[{"href":"https:\/\/www.andreclaude.fr\/web\/index.php\/wp-json\/wp\/v2\/types\/product"}],"replies":[{"embeddable":true,"href":"https:\/\/www.andreclaude.fr\/web\/index.php\/wp-json\/wp\/v2\/comments?post=5408"}],"wp:featuredmedia":[{"embeddable":true,"href":"https:\/\/www.andreclaude.fr\/web\/index.php\/wp-json\/wp\/v2\/media\/19662"}],"wp:attachment":[{"href":"https:\/\/www.andreclaude.fr\/web\/index.php\/wp-json\/wp\/v2\/media?parent=5408"}],"wp:term":[{"taxonomy":"product_cat","embeddable":true,"href":"https:\/\/www.andreclaude.fr\/web\/index.php\/wp-json\/wp\/v2\/product_cat?post=5408"},{"taxonomy":"product_tag","embeddable":true,"href":"https:\/\/www.andreclaude.fr\/web\/index.php\/wp-json\/wp\/v2\/product_tag?post=5408"}],"curies":[{"name":"wp","href":"https:\/\/api.w.org\/{rel}","templated":true}]}}