{"id":5399,"date":"2015-12-07T11:31:39","date_gmt":"2015-12-07T10:31:39","guid":{"rendered":"http:\/\/www.andreclaude.fr\/web\/index.php\/produit\/gewurztraminer-jean-baptiste-adam\/"},"modified":"2023-11-28T09:52:45","modified_gmt":"2023-11-28T08:52:45","slug":"gewurztraminer-jean-baptiste-adam","status":"publish","type":"product","link":"https:\/\/www.andreclaude.fr\/web\/index.php\/produit\/gewurztraminer-jean-baptiste-adam\/","title":{"rendered":"Gewurztraminer Tradition Adam 75 cl 2020"},"content":{"rendered":"","protected":false},"excerpt":{"rendered":"<p>Certaines caves puisent les racines de leur identit\u00e9 au plus profond de l\u2019histoire. Rares sont celles qui en plus peuvent se pr\u00e9valoir de quatre si\u00e8cles de passion et de tradition.<\/p>\n<p>\u00c9lev\u00e9s dans le respect des traditions familiales, ces vins expriment avec typicit\u00e9, la fra\u00eecheur et le fruit\u00e9 d\u00e9licat du c\u00e9page. Dans leur jeunesse, appr\u00e9ciez-les avec de la cuisine vari\u00e9e et des plats de terroir.<\/p>\n<p>Alcool 12,5 % Contient des sulfites. Adam 5 rue de l&rsquo;aigle 68770 Ammerschwihr.<\/p>\n<p>La consommation de boissons alcoolis\u00e9es pendant la grossesse, m\u00eame en faible quantit\u00e9, peut avoir des cons\u00e9quences graves sur la sant\u00e9 de l\u2019enfant.<br \/>\nLA VENTE D ALCOOL EST INTERDITE AUX MINEURS.<br \/>\nL ABUS D ALCOOL EST DANGEREUX POUR LA SANTE. A CONSOMMER AVEC MODERATION.<\/p>\n","protected":false},"featured_media":14658,"comment_status":"closed","ping_status":"closed","template":"","meta":[],"product_cat":[194,154],"product_tag":[],"jetpack_publicize_connections":[],"_links":{"self":[{"href":"https:\/\/www.andreclaude.fr\/web\/index.php\/wp-json\/wp\/v2\/product\/5399"}],"collection":[{"href":"https:\/\/www.andreclaude.fr\/web\/index.php\/wp-json\/wp\/v2\/product"}],"about":[{"href":"https:\/\/www.andreclaude.fr\/web\/index.php\/wp-json\/wp\/v2\/types\/product"}],"replies":[{"embeddable":true,"href":"https:\/\/www.andreclaude.fr\/web\/index.php\/wp-json\/wp\/v2\/comments?post=5399"}],"wp:featuredmedia":[{"embeddable":true,"href":"https:\/\/www.andreclaude.fr\/web\/index.php\/wp-json\/wp\/v2\/media\/14658"}],"wp:attachment":[{"href":"https:\/\/www.andreclaude.fr\/web\/index.php\/wp-json\/wp\/v2\/media?parent=5399"}],"wp:term":[{"taxonomy":"product_cat","embeddable":true,"href":"https:\/\/www.andreclaude.fr\/web\/index.php\/wp-json\/wp\/v2\/product_cat?post=5399"},{"taxonomy":"product_tag","embeddable":true,"href":"https:\/\/www.andreclaude.fr\/web\/index.php\/wp-json\/wp\/v2\/product_tag?post=5399"}],"curies":[{"name":"wp","href":"https:\/\/api.w.org\/{rel}","templated":true}]}}