{"id":5397,"date":"2015-12-07T11:31:31","date_gmt":"2015-12-07T10:31:31","guid":{"rendered":"http:\/\/www.andreclaude.fr\/web\/index.php\/produit\/chateau-laubade-bas-armagnac-millesime\/"},"modified":"2021-01-07T16:30:50","modified_gmt":"2021-01-07T15:30:50","slug":"chateau-laubade-bas-armagnac-millesime","status":"publish","type":"product","link":"https:\/\/www.andreclaude.fr\/web\/index.php\/produit\/chateau-laubade-bas-armagnac-millesime\/","title":{"rendered":"Ch\u00e2teau Laubade Bas Armagnac 1987"},"content":{"rendered":"","protected":false},"excerpt":{"rendered":"<p>Les Mill\u00e9simes proviennent \u00e0 100% d\u2019une seule ann\u00e9e de r\u00e9colte et de distillation. Ils ont la vertu d\u2019afficher clairement leur \u00e2ge. C\u2019est la grande sp\u00e9cificit\u00e9 de l\u2019armagnac et la marque de fabrique du ch\u00e2teau. Dans les chais du Ch\u00e2teau de Laubade vieillissent plus de 80 mill\u00e9simes diff\u00e9rents, v\u00e9ritables t\u00e9moignages de l\u2019histoire, le plus vieux datant de 1888. Chaque mill\u00e9sime est unique, model\u00e9 par les al\u00e9as du climat variant d\u2019une ann\u00e9e \u00e0 l\u2019autre, mais aussi par les soins des ma\u00eetres de chai qui se sont succ\u00e9d\u00e9s au fil des g\u00e9n\u00e9rations, chacun apportant son savoir-faire sp\u00e9cifique. La qualit\u00e9 des barriques, temp\u00e9rature du chai, sont autant de facteurs apportant \u00e0 un mill\u00e9sime son identit\u00e9 \u00e0 part enti\u00e8re. En somme, chaque mill\u00e9sime est une page de l\u2019histoire du Ch\u00e2teau de Laubade et du talent des hommes et des femmes qui s\u2019y impliquent depuis des g\u00e9n\u00e9rations. Le Ch\u00e2teau de Laubade ne commercialise ses mill\u00e9simes qu\u2019au bout de 15 ans minimum de vieillissement en f\u00fbts de ch\u00eane de Gascogne. NOUS CONSULTER POUR CHAQUE MILLESIMES.<\/p>\n<p>Armagnac 40\u00b0. Ch\u00e2teau de Laubade <i>32110 Sorbets.<\/i><br \/>\nLa consommation de boissons alcoolis\u00e9es pendant la grossesse, m\u00eame en faible quantit\u00e9, peut avoir des cons\u00e9quences graves sur la sant\u00e9 de l\u2019enfant.<\/p>\n<p>L ABUS D ALCOOL EST DANGEREUX POUR LA SANTE. A CONSOMMER AVEC MODERATION.<\/p>\n<p>LA VENTE D ALCOOL EST INTERDITE AUX MINEURS.<\/p>\n<table width=\"187\">\n<tbody>\n<tr>\n<td colspan=\"2\" width=\"187\">ARMAGNAC<\/td>\n<\/tr>\n<tr>\n<td colspan=\"2\">MILL\u00c9SIM\u00c9<\/td>\n<\/tr>\n<tr>\n<td colspan=\"2\">LAUBADE<\/td>\n<\/tr>\n<tr>\n<td>1952<\/td>\n<td>269,00 \u20ac<\/td>\n<\/tr>\n<tr>\n<td>1962<\/td>\n<td>199,00 \u20ac<\/td>\n<\/tr>\n<tr>\n<td>1965<\/td>\n<td>169,00 \u20ac<\/td>\n<\/tr>\n<tr>\n<td>1966<\/td>\n<td>159,00 \u20ac<\/td>\n<\/tr>\n<tr>\n<td>1973<\/td>\n<td>118,00 \u20ac<\/td>\n<\/tr>\n<tr>\n<td>1974<\/td>\n<td>116,00 \u20ac<\/td>\n<\/tr>\n<tr>\n<td>1975<\/td>\n<td>119,00 \u20ac<\/td>\n<\/tr>\n<tr>\n<td>1976<\/td>\n<td>115,00 \u20ac<\/td>\n<\/tr>\n<tr>\n<td>1978<\/td>\n<td>110,00 \u20ac<\/td>\n<\/tr>\n<tr>\n<td>1979<\/td>\n<td>108,00 \u20ac<\/td>\n<\/tr>\n<tr>\n<td>1983<\/td>\n<td>\u00a0\u00a0 98,00 \u20ac<\/td>\n<\/tr>\n<tr>\n<td>1984<\/td>\n<td>\u00a0\u00a0 95,00 \u20ac<\/td>\n<\/tr>\n<tr>\n<td>1985<\/td>\n<td>\u00a0\u00a0 92,00 \u20ac<\/td>\n<\/tr>\n<tr>\n<td>1986<\/td>\n<td>\u00a0\u00a0 89,00 \u20ac<\/td>\n<\/tr>\n<tr>\n<td>1987<\/td>\n<td>\u00a0\u00a0 85,00 \u20ac<\/td>\n<\/tr>\n<tr>\n<td>1989<\/td>\n<td>\u00a0\u00a0 82,00 \u20ac<\/td>\n<\/tr>\n<tr>\n<td>1991<\/td>\n<td>\u00a0\u00a0 79,00 \u20ac<\/td>\n<\/tr>\n<tr>\n<td>1992<\/td>\n<td>\u00a0\u00a0 78,00 \u20ac<\/td>\n<\/tr>\n<tr>\n<td>1993<\/td>\n<td>\u00a0\u00a0 76,00 \u20ac<\/td>\n<\/tr>\n<tr>\n<td>1994<\/td>\n<td>\u00a0\u00a0 75,00 \u20ac<\/td>\n<\/tr>\n<\/tbody>\n<\/table>\n","protected":false},"featured_media":17062,"comment_status":"closed","ping_status":"closed","template":"","meta":[],"product_cat":[194,153],"product_tag":[],"jetpack_publicize_connections":[],"_links":{"self":[{"href":"https:\/\/www.andreclaude.fr\/web\/index.php\/wp-json\/wp\/v2\/product\/5397"}],"collection":[{"href":"https:\/\/www.andreclaude.fr\/web\/index.php\/wp-json\/wp\/v2\/product"}],"about":[{"href":"https:\/\/www.andreclaude.fr\/web\/index.php\/wp-json\/wp\/v2\/types\/product"}],"replies":[{"embeddable":true,"href":"https:\/\/www.andreclaude.fr\/web\/index.php\/wp-json\/wp\/v2\/comments?post=5397"}],"wp:featuredmedia":[{"embeddable":true,"href":"https:\/\/www.andreclaude.fr\/web\/index.php\/wp-json\/wp\/v2\/media\/17062"}],"wp:attachment":[{"href":"https:\/\/www.andreclaude.fr\/web\/index.php\/wp-json\/wp\/v2\/media?parent=5397"}],"wp:term":[{"taxonomy":"product_cat","embeddable":true,"href":"https:\/\/www.andreclaude.fr\/web\/index.php\/wp-json\/wp\/v2\/product_cat?post=5397"},{"taxonomy":"product_tag","embeddable":true,"href":"https:\/\/www.andreclaude.fr\/web\/index.php\/wp-json\/wp\/v2\/product_tag?post=5397"}],"curies":[{"name":"wp","href":"https:\/\/api.w.org\/{rel}","templated":true}]}}