{"id":5379,"date":"2015-12-07T11:31:25","date_gmt":"2015-12-07T10:31:25","guid":{"rendered":"http:\/\/www.andreclaude.fr\/web\/index.php\/produit\/noix-de-cajou-barq-200-g\/"},"modified":"2022-01-28T09:05:25","modified_gmt":"2022-01-28T08:05:25","slug":"noix-de-cajou-barq-200-g","status":"publish","type":"product","link":"https:\/\/www.andreclaude.fr\/web\/index.php\/produit\/noix-de-cajou-barq-200-g\/","title":{"rendered":"Noix de cajou barquette 200 g environ"},"content":{"rendered":"<p>Distribu\u00e9 par<\/p>\n<p>Agidra<\/p>\n<p>BP 156<\/p>\n<p>69801 SAINT PRIEST<\/p>\n","protected":false},"excerpt":{"rendered":"<p>Originaire du Br\u00e9sil, cette petite noix en forme de rein est un tr\u00e9sor pour notre sant\u00e9\u2026<\/p>\n<p>Conditionn\u00e9 en barquette refermable \u00e0 volont\u00e9 pour garder toute sa saveur.<\/p>\n<p>Ingr\u00e9dients: Noix de cajou, huiles de tournesol et de palme, sel.<br \/>\nTraces possibles d&rsquo;arachides, de s\u00e9same et de sulfites.<\/p>\n<p>Valeurs \u00e9nerg\u00e9tiques et nutritionnelles moyennes pour 100g :<\/p>\n<p>Energie 2594kJ\/ 625kcal<br \/>\nGraisses 47.8g dont acides gras satur\u00e9s 8.5g<br \/>\nGlucides 30.2g dont sucres 5.0g<br \/>\nProt\u00e9ines 16.8g<br \/>\nSel 1.0g<\/p>\n","protected":false},"featured_media":7613,"comment_status":"closed","ping_status":"closed","template":"","meta":[],"product_cat":[194,152],"product_tag":[],"jetpack_publicize_connections":[],"_links":{"self":[{"href":"https:\/\/www.andreclaude.fr\/web\/index.php\/wp-json\/wp\/v2\/product\/5379"}],"collection":[{"href":"https:\/\/www.andreclaude.fr\/web\/index.php\/wp-json\/wp\/v2\/product"}],"about":[{"href":"https:\/\/www.andreclaude.fr\/web\/index.php\/wp-json\/wp\/v2\/types\/product"}],"replies":[{"embeddable":true,"href":"https:\/\/www.andreclaude.fr\/web\/index.php\/wp-json\/wp\/v2\/comments?post=5379"}],"wp:featuredmedia":[{"embeddable":true,"href":"https:\/\/www.andreclaude.fr\/web\/index.php\/wp-json\/wp\/v2\/media\/7613"}],"wp:attachment":[{"href":"https:\/\/www.andreclaude.fr\/web\/index.php\/wp-json\/wp\/v2\/media?parent=5379"}],"wp:term":[{"taxonomy":"product_cat","embeddable":true,"href":"https:\/\/www.andreclaude.fr\/web\/index.php\/wp-json\/wp\/v2\/product_cat?post=5379"},{"taxonomy":"product_tag","embeddable":true,"href":"https:\/\/www.andreclaude.fr\/web\/index.php\/wp-json\/wp\/v2\/product_tag?post=5379"}],"curies":[{"name":"wp","href":"https:\/\/api.w.org\/{rel}","templated":true}]}}