{"id":5377,"date":"2015-12-07T11:31:25","date_gmt":"2015-12-07T10:31:25","guid":{"rendered":"http:\/\/www.andreclaude.fr\/web\/index.php\/produit\/pistache-grillee-barq-200-g\/"},"modified":"2022-01-28T09:05:13","modified_gmt":"2022-01-28T08:05:13","slug":"pistache-grillee-barq-200-g","status":"publish","type":"product","link":"https:\/\/www.andreclaude.fr\/web\/index.php\/produit\/pistache-grillee-barq-200-g\/","title":{"rendered":"Pistache grill\u00e9e barquette 200 g environ"},"content":{"rendered":"<p>Distribu\u00e9 par<\/p>\n<p>Agidra<\/p>\n<p>BP 156<\/p>\n<p>69801 SAINT PRIEST<\/p>\n","protected":false},"excerpt":{"rendered":"<p>La pistache peut \u00eatre consomm\u00e9e crue ou r\u00f4tie, sal\u00e9e ou non. La pistache contient une quantit\u00e9 appr\u00e9ciable de prot\u00e9ines et offre un apport int\u00e9ressant en acides gras insatur\u00e9s. Elle contient \u00e9galement une multitude de vitamines et de min\u00e9raux.<\/p>\n<p>Conditionn\u00e9 en barquette refermable \u00e0 volont\u00e9 pour garder toute sa saveur.<\/p>\n<p>Ingr\u00e9dients : Pistaches, sel. Traces possibles <strong>d&rsquo;arachides<\/strong>, de s\u00e9same et de sulfites. Pistache d&rsquo;importation, grill\u00e9es en France.<\/p>\n<p>Valeurs \u00e9nerg\u00e9tiques et nutritionnelles moyennes pour 100 g :<\/p>\n<p>Energie 2580 kJ \/ 621kcal<br \/>\nGraisses 44.8g dont acides gras satur\u00e9s 5.5g<br \/>\nProt\u00e9ines 20.9g<br \/>\nSel 1.5g<\/p>\n","protected":false},"featured_media":8377,"comment_status":"closed","ping_status":"closed","template":"","meta":[],"product_cat":[194,152],"product_tag":[],"jetpack_publicize_connections":[],"_links":{"self":[{"href":"https:\/\/www.andreclaude.fr\/web\/index.php\/wp-json\/wp\/v2\/product\/5377"}],"collection":[{"href":"https:\/\/www.andreclaude.fr\/web\/index.php\/wp-json\/wp\/v2\/product"}],"about":[{"href":"https:\/\/www.andreclaude.fr\/web\/index.php\/wp-json\/wp\/v2\/types\/product"}],"replies":[{"embeddable":true,"href":"https:\/\/www.andreclaude.fr\/web\/index.php\/wp-json\/wp\/v2\/comments?post=5377"}],"wp:featuredmedia":[{"embeddable":true,"href":"https:\/\/www.andreclaude.fr\/web\/index.php\/wp-json\/wp\/v2\/media\/8377"}],"wp:attachment":[{"href":"https:\/\/www.andreclaude.fr\/web\/index.php\/wp-json\/wp\/v2\/media?parent=5377"}],"wp:term":[{"taxonomy":"product_cat","embeddable":true,"href":"https:\/\/www.andreclaude.fr\/web\/index.php\/wp-json\/wp\/v2\/product_cat?post=5377"},{"taxonomy":"product_tag","embeddable":true,"href":"https:\/\/www.andreclaude.fr\/web\/index.php\/wp-json\/wp\/v2\/product_tag?post=5377"}],"curies":[{"name":"wp","href":"https:\/\/api.w.org\/{rel}","templated":true}]}}