{"id":5372,"date":"2015-12-07T11:31:25","date_gmt":"2015-12-07T10:31:25","guid":{"rendered":"http:\/\/www.andreclaude.fr\/web\/index.php\/produit\/cerneau-de-noix-barq-150grs\/"},"modified":"2022-01-07T05:46:36","modified_gmt":"2022-01-07T04:46:36","slug":"cerneau-de-noix-barq-150grs","status":"publish","type":"product","link":"https:\/\/www.andreclaude.fr\/web\/index.php\/produit\/cerneau-de-noix-barq-150grs\/","title":{"rendered":"Cerneau de noix France Cat 1 barq200g env"},"content":{"rendered":"<p><span style=\"font-family: Arial; font-size: small;\">\u00a0<\/span><\/p>\n","protected":false},"excerpt":{"rendered":"<p>Les cerneaux de noix agr\u00e9menteront \u00e0 merveille vos salades, se marient tr\u00e8s bien avec les endives ou sur un plateau de fromage.<\/p>\n<p>Conditionn\u00e9 en barquette refermable \u00e0 volont\u00e9 pour garder toute sa saveur.<\/p>\n","protected":false},"featured_media":7998,"comment_status":"closed","ping_status":"closed","template":"","meta":[],"product_cat":[194,151],"product_tag":[],"jetpack_publicize_connections":[],"_links":{"self":[{"href":"https:\/\/www.andreclaude.fr\/web\/index.php\/wp-json\/wp\/v2\/product\/5372"}],"collection":[{"href":"https:\/\/www.andreclaude.fr\/web\/index.php\/wp-json\/wp\/v2\/product"}],"about":[{"href":"https:\/\/www.andreclaude.fr\/web\/index.php\/wp-json\/wp\/v2\/types\/product"}],"replies":[{"embeddable":true,"href":"https:\/\/www.andreclaude.fr\/web\/index.php\/wp-json\/wp\/v2\/comments?post=5372"}],"wp:featuredmedia":[{"embeddable":true,"href":"https:\/\/www.andreclaude.fr\/web\/index.php\/wp-json\/wp\/v2\/media\/7998"}],"wp:attachment":[{"href":"https:\/\/www.andreclaude.fr\/web\/index.php\/wp-json\/wp\/v2\/media?parent=5372"}],"wp:term":[{"taxonomy":"product_cat","embeddable":true,"href":"https:\/\/www.andreclaude.fr\/web\/index.php\/wp-json\/wp\/v2\/product_cat?post=5372"},{"taxonomy":"product_tag","embeddable":true,"href":"https:\/\/www.andreclaude.fr\/web\/index.php\/wp-json\/wp\/v2\/product_tag?post=5372"}],"curies":[{"name":"wp","href":"https:\/\/api.w.org\/{rel}","templated":true}]}}