{"id":5370,"date":"2015-12-07T11:31:25","date_gmt":"2015-12-07T10:31:25","guid":{"rendered":"http:\/\/www.andreclaude.fr\/web\/index.php\/produit\/amande-decortiquee-barq-245-g\/"},"modified":"2022-01-28T09:05:03","modified_gmt":"2022-01-28T08:05:03","slug":"amande-decortiquee-barq-245-g","status":"publish","type":"product","link":"https:\/\/www.andreclaude.fr\/web\/index.php\/produit\/amande-decortiquee-barq-245-g\/","title":{"rendered":"Amandes non sal\u00e9es barquette 220g environ"},"content":{"rendered":"<p>Distribu\u00e9 par<\/p>\n<p>Agidra<\/p>\n<p>BP 156<\/p>\n<p>69801 SAINT PRIEST<\/p>\n","protected":false},"excerpt":{"rendered":"<p>Pour les monder, plongez les amandes 2mn dans de l\u2019eau bouillante puis \u00e9gouttez-les et passez-les sous l\u2019eau froide. Vous pourrez ensuite tr\u00e8s facilement enlever la peau en les pin\u00e7ant entre deux doigts.<\/p>\n<p>Conditionn\u00e9 en barquette refermable \u00e0 volont\u00e9 pour garder toute sa saveur.<\/p>\n<p>Ingr\u00e9dients : amandes<\/p>\n<p>Origine :\u00a0 U.S.A.<br \/>\nTraces possibles d<strong>&lsquo;arachides.<\/strong><\/p>\n<p>Valeurs nutritionnelles moyennes pour 100g<\/p>\n<p>Energie 645Kcal<br \/>\nGraisses 49.9g dont satur\u00e9s 3.8g<br \/>\nGlucides 21.5g dont sucres 4.2g<br \/>\nProt\u00e9ines 21.1g<br \/>\nSel 0.01g<\/p>\n","protected":false},"featured_media":5371,"comment_status":"closed","ping_status":"closed","template":"","meta":[],"product_cat":[194,152],"product_tag":[],"jetpack_publicize_connections":[],"_links":{"self":[{"href":"https:\/\/www.andreclaude.fr\/web\/index.php\/wp-json\/wp\/v2\/product\/5370"}],"collection":[{"href":"https:\/\/www.andreclaude.fr\/web\/index.php\/wp-json\/wp\/v2\/product"}],"about":[{"href":"https:\/\/www.andreclaude.fr\/web\/index.php\/wp-json\/wp\/v2\/types\/product"}],"replies":[{"embeddable":true,"href":"https:\/\/www.andreclaude.fr\/web\/index.php\/wp-json\/wp\/v2\/comments?post=5370"}],"wp:featuredmedia":[{"embeddable":true,"href":"https:\/\/www.andreclaude.fr\/web\/index.php\/wp-json\/wp\/v2\/media\/5371"}],"wp:attachment":[{"href":"https:\/\/www.andreclaude.fr\/web\/index.php\/wp-json\/wp\/v2\/media?parent=5370"}],"wp:term":[{"taxonomy":"product_cat","embeddable":true,"href":"https:\/\/www.andreclaude.fr\/web\/index.php\/wp-json\/wp\/v2\/product_cat?post=5370"},{"taxonomy":"product_tag","embeddable":true,"href":"https:\/\/www.andreclaude.fr\/web\/index.php\/wp-json\/wp\/v2\/product_tag?post=5370"}],"curies":[{"name":"wp","href":"https:\/\/api.w.org\/{rel}","templated":true}]}}