{"id":5364,"date":"2015-12-07T11:31:25","date_gmt":"2015-12-07T10:31:25","guid":{"rendered":"http:\/\/www.andreclaude.fr\/web\/index.php\/produit\/pois-chiche-les-500-grs\/"},"modified":"2025-10-14T07:21:05","modified_gmt":"2025-10-14T06:21:05","slug":"pois-chiche-les-500-grs","status":"publish","type":"product","link":"https:\/\/www.andreclaude.fr\/web\/index.php\/produit\/pois-chiche-les-500-grs\/","title":{"rendered":"Pois Chiche France Eure et Loir sachet 500grs"},"content":{"rendered":"<p>&#8211; R\u00e9hydratez-les la veille dans un saladier d&rsquo;eau froide.<br \/>\n&#8211; N&rsquo;oubliez pas de rincer \u00e0 l&rsquo;eau fra\u00eeche, les l\u00e9gumes qui ne n\u00e9cessitent pas de temps de trempage.<br \/>\n&#8211; N&rsquo;utilisez pas cette eau de trempage pour les cuire. Ainsi, vous limiterez les ballonnements intestinaux.<br \/>\n&#8211; Ne salez jamais l&rsquo;eau de cuisson, car les l\u00e9gumes secs mettront bien plus de temps \u00e0 cuire !<br \/>\n&#8211; Pr\u00e9f\u00e9rez une cuisson lente pour qu&rsquo;ils ne se d\u00e9sagr\u00e8gent pas.<\/p>\n<p>&nbsp;<\/p>\n<p>&nbsp;<\/p>\n","protected":false},"excerpt":{"rendered":"<p>Trempage : 12h. Dur\u00e9e de cuisson \u00e0 l&rsquo;\u00e9bullition : <span class=\"col-lg-12 col-md-12 col-sm-12 col-xs-12 col-xxs-12\">3 h\u00a0 ( ou 1 h en autocuiseur)<\/span><\/p>\n<p>Pois chiches. Traces possibles d&rsquo;arachide, de fruits \u00e0 coque, de<strong> gluten, de s\u00e9same et de sulfite<\/strong><\/p>\n<p>Valeurs nutritionnelles moyennes pour 100g<br \/>\nEnergie: 364kcal<br \/>\nMatieres grasses: 6g dont acides gras satures: 0.6g<br \/>\nGlucides: 61g dont sucres: 11g Fibres Alimentaires: 17g<br \/>\nProteines: 19g<\/p>\n","protected":false},"featured_media":8042,"comment_status":"closed","ping_status":"closed","template":"","meta":[],"product_cat":[194,150],"product_tag":[],"jetpack_publicize_connections":[],"_links":{"self":[{"href":"https:\/\/www.andreclaude.fr\/web\/index.php\/wp-json\/wp\/v2\/product\/5364"}],"collection":[{"href":"https:\/\/www.andreclaude.fr\/web\/index.php\/wp-json\/wp\/v2\/product"}],"about":[{"href":"https:\/\/www.andreclaude.fr\/web\/index.php\/wp-json\/wp\/v2\/types\/product"}],"replies":[{"embeddable":true,"href":"https:\/\/www.andreclaude.fr\/web\/index.php\/wp-json\/wp\/v2\/comments?post=5364"}],"wp:featuredmedia":[{"embeddable":true,"href":"https:\/\/www.andreclaude.fr\/web\/index.php\/wp-json\/wp\/v2\/media\/8042"}],"wp:attachment":[{"href":"https:\/\/www.andreclaude.fr\/web\/index.php\/wp-json\/wp\/v2\/media?parent=5364"}],"wp:term":[{"taxonomy":"product_cat","embeddable":true,"href":"https:\/\/www.andreclaude.fr\/web\/index.php\/wp-json\/wp\/v2\/product_cat?post=5364"},{"taxonomy":"product_tag","embeddable":true,"href":"https:\/\/www.andreclaude.fr\/web\/index.php\/wp-json\/wp\/v2\/product_tag?post=5364"}],"curies":[{"name":"wp","href":"https:\/\/api.w.org\/{rel}","templated":true}]}}