{"id":5360,"date":"2015-12-07T11:31:16","date_gmt":"2015-12-07T10:31:16","guid":{"rendered":"http:\/\/www.andreclaude.fr\/web\/index.php\/produit\/datte-medjoul-les-250-grs\/"},"modified":"2024-09-03T04:55:28","modified_gmt":"2024-09-03T03:55:28","slug":"datte-medjoul-les-250-grs","status":"publish","type":"product","link":"https:\/\/www.andreclaude.fr\/web\/index.php\/produit\/datte-medjoul-les-250-grs\/","title":{"rendered":"Datte Medjoul Israel Cat\u00e9gorie 1 les 250g"},"content":{"rendered":"<p>Origine : Isar\u00ebl<\/p>\n","protected":false},"excerpt":{"rendered":"<p>Elle est consid\u00e9r\u00e9e comme la plus raffin\u00e9e des dattes et offre une chair charnue, mielleuse et tr\u00e8s moelleuse. Il s&rsquo;agit d&rsquo;un v\u00e9ritable produit d&rsquo;exception.<br \/>\nConsommation: Toute l&rsquo;ann\u00e9e.<\/p>\n<p>Ingr\u00e9dients : datte naturelle Medjoul<br \/>\nValeurs \u00e9nerg\u00e9tiques et nutritionnelles moyennes pour 100 g:<br \/>\nEnergie 1367kj\/322kcal<br \/>\nGraisses 0.2g dont acides gras satur\u00e9s 0g<br \/>\nGlucides 75g dont sucres 66.5g<br \/>\nFibres alimentaires : 6.7g<br \/>\nProt\u00e9ines 1.8g<br \/>\nSel 0.01g<\/p>\n","protected":false},"featured_media":10336,"comment_status":"closed","ping_status":"closed","template":"","meta":[],"product_cat":[194,151],"product_tag":[],"jetpack_publicize_connections":[],"_links":{"self":[{"href":"https:\/\/www.andreclaude.fr\/web\/index.php\/wp-json\/wp\/v2\/product\/5360"}],"collection":[{"href":"https:\/\/www.andreclaude.fr\/web\/index.php\/wp-json\/wp\/v2\/product"}],"about":[{"href":"https:\/\/www.andreclaude.fr\/web\/index.php\/wp-json\/wp\/v2\/types\/product"}],"replies":[{"embeddable":true,"href":"https:\/\/www.andreclaude.fr\/web\/index.php\/wp-json\/wp\/v2\/comments?post=5360"}],"wp:featuredmedia":[{"embeddable":true,"href":"https:\/\/www.andreclaude.fr\/web\/index.php\/wp-json\/wp\/v2\/media\/10336"}],"wp:attachment":[{"href":"https:\/\/www.andreclaude.fr\/web\/index.php\/wp-json\/wp\/v2\/media?parent=5360"}],"wp:term":[{"taxonomy":"product_cat","embeddable":true,"href":"https:\/\/www.andreclaude.fr\/web\/index.php\/wp-json\/wp\/v2\/product_cat?post=5360"},{"taxonomy":"product_tag","embeddable":true,"href":"https:\/\/www.andreclaude.fr\/web\/index.php\/wp-json\/wp\/v2\/product_tag?post=5360"}],"curies":[{"name":"wp","href":"https:\/\/api.w.org\/{rel}","templated":true}]}}