{"id":5358,"date":"2015-12-07T11:31:16","date_gmt":"2015-12-07T10:31:16","guid":{"rendered":"http:\/\/www.andreclaude.fr\/web\/index.php\/produit\/raisin-sec-flame-barq-250-g\/"},"modified":"2022-01-28T09:05:44","modified_gmt":"2022-01-28T08:05:44","slug":"raisin-sec-flame-barq-250-g","status":"publish","type":"product","link":"https:\/\/www.andreclaude.fr\/web\/index.php\/produit\/raisin-sec-flame-barq-250-g\/","title":{"rendered":"Raisin sec brun Afrique du sud Cat 1 barq 300g env"},"content":{"rendered":"<p>Distribu\u00e9 par<\/p>\n<p>Agidra<\/p>\n<p>BP 156<\/p>\n<p>69801 SAINT PRIEST<\/p>\n","protected":false},"excerpt":{"rendered":"<p>Les raisins secs sont des raisins s\u00e9ch\u00e9s. Ils peuvent \u00eatre consomm\u00e9s crus tels quels ou \u00eatre utilis\u00e9s cuits dans certaines recettes.<\/p>\n<p>Conditionn\u00e9 en barquette refermable \u00e0 volont\u00e9 pour garder toute sa saveur.<\/p>\n<p>Ingr\u00e9dients : raisin Sultanine, huile de tournesol<br \/>\nTraces possibles d&rsquo;arachides et de fruits \u00e0 coque.<br \/>\nValeurs \u00e9nerg\u00e9tiques et nutritionnelles moyennes pour 100g<br \/>\nEnergie 298Kcal\/ 1261kj<br \/>\nGraisses &lt; 0.5g dont satur\u00e9s 0g<br \/>\nGlucides68g dont sucres 67g<br \/>\nFibres alimentaires 7.3g<br \/>\nProt\u00e9ines 2.8g<br \/>\nSel 0.14g<\/p>\n","protected":false},"featured_media":7754,"comment_status":"closed","ping_status":"closed","template":"","meta":[],"product_cat":[194,152,151],"product_tag":[],"jetpack_publicize_connections":[],"_links":{"self":[{"href":"https:\/\/www.andreclaude.fr\/web\/index.php\/wp-json\/wp\/v2\/product\/5358"}],"collection":[{"href":"https:\/\/www.andreclaude.fr\/web\/index.php\/wp-json\/wp\/v2\/product"}],"about":[{"href":"https:\/\/www.andreclaude.fr\/web\/index.php\/wp-json\/wp\/v2\/types\/product"}],"replies":[{"embeddable":true,"href":"https:\/\/www.andreclaude.fr\/web\/index.php\/wp-json\/wp\/v2\/comments?post=5358"}],"wp:featuredmedia":[{"embeddable":true,"href":"https:\/\/www.andreclaude.fr\/web\/index.php\/wp-json\/wp\/v2\/media\/7754"}],"wp:attachment":[{"href":"https:\/\/www.andreclaude.fr\/web\/index.php\/wp-json\/wp\/v2\/media?parent=5358"}],"wp:term":[{"taxonomy":"product_cat","embeddable":true,"href":"https:\/\/www.andreclaude.fr\/web\/index.php\/wp-json\/wp\/v2\/product_cat?post=5358"},{"taxonomy":"product_tag","embeddable":true,"href":"https:\/\/www.andreclaude.fr\/web\/index.php\/wp-json\/wp\/v2\/product_tag?post=5358"}],"curies":[{"name":"wp","href":"https:\/\/api.w.org\/{rel}","templated":true}]}}