{"id":5356,"date":"2015-12-07T11:31:16","date_gmt":"2015-12-07T10:31:16","guid":{"rendered":"http:\/\/www.andreclaude.fr\/web\/index.php\/produit\/raisin-sec-blond-barq-250-g\/"},"modified":"2025-01-03T08:28:37","modified_gmt":"2025-01-03T07:28:37","slug":"raisin-sec-blond-barq-250-g","status":"publish","type":"product","link":"https:\/\/www.andreclaude.fr\/web\/index.php\/produit\/raisin-sec-blond-barq-250-g\/","title":{"rendered":"Raisin sec blond Afrique du sud Cat1 barq 300g env"},"content":{"rendered":"<p>Distribu\u00e9 par<\/p>\n<p>Agidra<\/p>\n<p>BP 156<\/p>\n<p>69801 SAINT PRIEST<\/p>\n","protected":false},"excerpt":{"rendered":"<p>Fruit\u00e9 et dor\u00e9 \u00e0 souhait, le raisin blond sec met du caract\u00e8re aussi bien dans les recettes sucr\u00e9es que sal\u00e9es.<\/p>\n<p>Conditionn\u00e9 en barquette refermable \u00e0 volont\u00e9 pour garder toute sa saveur.<\/p>\n<p>Ingr\u00e9dients : agent enrobage,huile non hydrog\u00e9n\u00e9e de tournesol,conservateur anhydride sulfureux.<\/p>\n<p>Valeurs \u00e9nerg\u00e9tiques et nutritionnelles moyennes pour 100g :<br \/>\nEnergie 344Kcal<br \/>\nGraisses 0.5g dont satur\u00e9s 0.2g<br \/>\nGlucides 79.5g dont sucres 59.2g<br \/>\nProt\u00e9ines 3.4g<br \/>\nSel 0.03g<\/p>\n","protected":false},"featured_media":7752,"comment_status":"closed","ping_status":"closed","template":"","meta":[],"product_cat":[194,152,151],"product_tag":[],"jetpack_publicize_connections":[],"_links":{"self":[{"href":"https:\/\/www.andreclaude.fr\/web\/index.php\/wp-json\/wp\/v2\/product\/5356"}],"collection":[{"href":"https:\/\/www.andreclaude.fr\/web\/index.php\/wp-json\/wp\/v2\/product"}],"about":[{"href":"https:\/\/www.andreclaude.fr\/web\/index.php\/wp-json\/wp\/v2\/types\/product"}],"replies":[{"embeddable":true,"href":"https:\/\/www.andreclaude.fr\/web\/index.php\/wp-json\/wp\/v2\/comments?post=5356"}],"wp:featuredmedia":[{"embeddable":true,"href":"https:\/\/www.andreclaude.fr\/web\/index.php\/wp-json\/wp\/v2\/media\/7752"}],"wp:attachment":[{"href":"https:\/\/www.andreclaude.fr\/web\/index.php\/wp-json\/wp\/v2\/media?parent=5356"}],"wp:term":[{"taxonomy":"product_cat","embeddable":true,"href":"https:\/\/www.andreclaude.fr\/web\/index.php\/wp-json\/wp\/v2\/product_cat?post=5356"},{"taxonomy":"product_tag","embeddable":true,"href":"https:\/\/www.andreclaude.fr\/web\/index.php\/wp-json\/wp\/v2\/product_tag?post=5356"}],"curies":[{"name":"wp","href":"https:\/\/api.w.org\/{rel}","templated":true}]}}