{"id":5352,"date":"2015-12-07T11:31:16","date_gmt":"2015-12-07T10:31:16","guid":{"rendered":"http:\/\/www.andreclaude.fr\/web\/index.php\/produit\/haricot-rouge-les-500-grs\/"},"modified":"2025-10-14T07:20:31","modified_gmt":"2025-10-14T06:20:31","slug":"haricot-rouge-les-500-grs","status":"publish","type":"product","link":"https:\/\/www.andreclaude.fr\/web\/index.php\/produit\/haricot-rouge-les-500-grs\/","title":{"rendered":"Haricot rouge France Eure et Loir le sachet 500g"},"content":{"rendered":"<p>&#8211; R\u00e9hydratez-les la veille dans un saladier d&rsquo;eau froide.<br \/>\n&#8211; N&rsquo;oubliez pas de rincer \u00e0 l&rsquo;eau fra\u00eeche, les l\u00e9gumes qui ne n\u00e9cessitent pas de temps de trempage.<br \/>\n&#8211; N&rsquo;utilisez pas cette eau de trempage pour les cuire. Ainsi, vous limiterez les ballonnements intestinaux.<br \/>\n&#8211; Ne salez jamais l&rsquo;eau de cuisson, car les l\u00e9gumes secs mettront bien plus de temps \u00e0 cuire !<br \/>\n&#8211; Pr\u00e9f\u00e9rez une cuisson lente pour qu&rsquo;ils ne se d\u00e9sagr\u00e8gent pas.<\/p>\n<p>Origine : FRANCE<\/p>\n","protected":false},"excerpt":{"rendered":"<p>Trempage : 12h. Dur\u00e9e de cuisson \u00e0 l&rsquo;\u00e9bullition : 1h30.<\/p>\n<p>Energie: 487kJ\/ 116kcal Mati\u00e8res grasses: 0,5g<br \/>\ndont acides gras satures: 0,1g Glucides: 15,4g<br \/>\ndont sucres: 0,3g Fibres Alimentaires: 7,4g<br \/>\nProt\u00e9ines: 8,7g Sel: 0,60g<br \/>\nFer: 2,94mg Vitamine B9: 130\u00b5g<br \/>\nHaricot. Traces possibles d&rsquo;arachide de fruits \u00e0 la coque, de gluten, de s\u00e9same et de sulfites.<\/p>\n","protected":false},"featured_media":5353,"comment_status":"closed","ping_status":"closed","template":"","meta":[],"product_cat":[194,150],"product_tag":[],"jetpack_publicize_connections":[],"_links":{"self":[{"href":"https:\/\/www.andreclaude.fr\/web\/index.php\/wp-json\/wp\/v2\/product\/5352"}],"collection":[{"href":"https:\/\/www.andreclaude.fr\/web\/index.php\/wp-json\/wp\/v2\/product"}],"about":[{"href":"https:\/\/www.andreclaude.fr\/web\/index.php\/wp-json\/wp\/v2\/types\/product"}],"replies":[{"embeddable":true,"href":"https:\/\/www.andreclaude.fr\/web\/index.php\/wp-json\/wp\/v2\/comments?post=5352"}],"wp:featuredmedia":[{"embeddable":true,"href":"https:\/\/www.andreclaude.fr\/web\/index.php\/wp-json\/wp\/v2\/media\/5353"}],"wp:attachment":[{"href":"https:\/\/www.andreclaude.fr\/web\/index.php\/wp-json\/wp\/v2\/media?parent=5352"}],"wp:term":[{"taxonomy":"product_cat","embeddable":true,"href":"https:\/\/www.andreclaude.fr\/web\/index.php\/wp-json\/wp\/v2\/product_cat?post=5352"},{"taxonomy":"product_tag","embeddable":true,"href":"https:\/\/www.andreclaude.fr\/web\/index.php\/wp-json\/wp\/v2\/product_tag?post=5352"}],"curies":[{"name":"wp","href":"https:\/\/api.w.org\/{rel}","templated":true}]}}