{"id":5351,"date":"2015-12-07T11:31:16","date_gmt":"2015-12-07T10:31:16","guid":{"rendered":"http:\/\/www.andreclaude.fr\/web\/index.php\/produit\/chevrier-les-500-grs\/"},"modified":"2022-04-17T04:19:50","modified_gmt":"2022-04-17T03:19:50","slug":"chevrier-les-500-grs","status":"publish","type":"product","link":"https:\/\/www.andreclaude.fr\/web\/index.php\/produit\/chevrier-les-500-grs\/","title":{"rendered":"Flageolet vert France Eure et Loir  barq env 400g"},"content":{"rendered":"<p>&#8211; R\u00e9hydratez-les la veille dans un saladier d&rsquo;eau froide.<br \/>\n&#8211; N&rsquo;oubliez pas de rincer \u00e0 l&rsquo;eau fra\u00eeche, les l\u00e9gumes qui ne n\u00e9cessitent pas de temps de trempage.<br \/>\n&#8211; N&rsquo;utilisez pas cette eau de trempage pour les cuire. Ainsi, vous limiterez les ballonnements intestinaux.<br \/>\n&#8211; Ne salez jamais l&rsquo;eau de cuisson, car les l\u00e9gumes secs mettront bien plus de temps \u00e0 cuire !<br \/>\n&#8211; Pr\u00e9f\u00e9rez une cuisson lente pour qu&rsquo;ils ne se d\u00e9sagr\u00e8gent pas.<\/p>\n","protected":false},"excerpt":{"rendered":"<p>Origine Eure et Loir. Le haricot chevrier, ou flageolet vert est un haricot sec fin et go\u00fbteux, produit de fa\u00e7on traditionnelle (sans arrosage et avec un mode de s\u00e9chage particulier) qui garantit sa coloration verte.<\/p>\n<p>Trempage : 12h. Dur\u00e9e de cuisson \u00e0 l&rsquo;\u00e9bullition : 1h30.<\/p>\n<p>Valeurs nutritionnelles moyennes pour 100g<br \/>\nEau 8.5 g<br \/>\nGlucides : 42.1 g Lipides : 2.6 g<br \/>\nProt\u00e9ines :19.1 g Fibres : 23.4 g<br \/>\nCuivre : 0.68 mg Fer 7.3 mg Magn\u00e9sium : 160 mg Phosphore : 440 mg<br \/>\nVitamine K13.7 \u00b5g Vitamine B9<br \/>\nEnergie315 kcal\/1320 kJ<\/p>\n","protected":false},"featured_media":8032,"comment_status":"closed","ping_status":"closed","template":"","meta":[],"product_cat":[196,194,150],"product_tag":[],"jetpack_publicize_connections":[],"_links":{"self":[{"href":"https:\/\/www.andreclaude.fr\/web\/index.php\/wp-json\/wp\/v2\/product\/5351"}],"collection":[{"href":"https:\/\/www.andreclaude.fr\/web\/index.php\/wp-json\/wp\/v2\/product"}],"about":[{"href":"https:\/\/www.andreclaude.fr\/web\/index.php\/wp-json\/wp\/v2\/types\/product"}],"replies":[{"embeddable":true,"href":"https:\/\/www.andreclaude.fr\/web\/index.php\/wp-json\/wp\/v2\/comments?post=5351"}],"wp:featuredmedia":[{"embeddable":true,"href":"https:\/\/www.andreclaude.fr\/web\/index.php\/wp-json\/wp\/v2\/media\/8032"}],"wp:attachment":[{"href":"https:\/\/www.andreclaude.fr\/web\/index.php\/wp-json\/wp\/v2\/media?parent=5351"}],"wp:term":[{"taxonomy":"product_cat","embeddable":true,"href":"https:\/\/www.andreclaude.fr\/web\/index.php\/wp-json\/wp\/v2\/product_cat?post=5351"},{"taxonomy":"product_tag","embeddable":true,"href":"https:\/\/www.andreclaude.fr\/web\/index.php\/wp-json\/wp\/v2\/product_tag?post=5351"}],"curies":[{"name":"wp","href":"https:\/\/api.w.org\/{rel}","templated":true}]}}