{"id":5334,"date":"2015-12-07T11:31:08","date_gmt":"2015-12-07T10:31:08","guid":{"rendered":"http:\/\/www.andreclaude.fr\/web\/index.php\/produit\/pomme-jubile-le-kilo\/"},"modified":"2026-03-26T15:04:58","modified_gmt":"2026-03-26T14:04:58","slug":"pomme-jubile-le-kilo","status":"publish","type":"product","link":"https:\/\/www.andreclaude.fr\/web\/index.php\/produit\/pomme-jubile-le-kilo\/","title":{"rendered":"Pomme Dallight Perche-France Cat 1 le kilo"},"content":{"rendered":"","protected":false},"excerpt":{"rendered":"<p>61 110 Coulonges les sablons.<\/p>\n<p>La jubil\u00e9 est une pomme tr\u00e8s parfum\u00e9e sucr\u00e9 et acidul\u00e9, croquante et juteuse.<\/p>\n","protected":false},"featured_media":7509,"comment_status":"closed","ping_status":"closed","template":"","meta":[],"product_cat":[196,194,144],"product_tag":[],"jetpack_publicize_connections":[],"_links":{"self":[{"href":"https:\/\/www.andreclaude.fr\/web\/index.php\/wp-json\/wp\/v2\/product\/5334"}],"collection":[{"href":"https:\/\/www.andreclaude.fr\/web\/index.php\/wp-json\/wp\/v2\/product"}],"about":[{"href":"https:\/\/www.andreclaude.fr\/web\/index.php\/wp-json\/wp\/v2\/types\/product"}],"replies":[{"embeddable":true,"href":"https:\/\/www.andreclaude.fr\/web\/index.php\/wp-json\/wp\/v2\/comments?post=5334"}],"wp:featuredmedia":[{"embeddable":true,"href":"https:\/\/www.andreclaude.fr\/web\/index.php\/wp-json\/wp\/v2\/media\/7509"}],"wp:attachment":[{"href":"https:\/\/www.andreclaude.fr\/web\/index.php\/wp-json\/wp\/v2\/media?parent=5334"}],"wp:term":[{"taxonomy":"product_cat","embeddable":true,"href":"https:\/\/www.andreclaude.fr\/web\/index.php\/wp-json\/wp\/v2\/product_cat?post=5334"},{"taxonomy":"product_tag","embeddable":true,"href":"https:\/\/www.andreclaude.fr\/web\/index.php\/wp-json\/wp\/v2\/product_tag?post=5334"}],"curies":[{"name":"wp","href":"https:\/\/api.w.org\/{rel}","templated":true}]}}