{"id":5330,"date":"2015-12-07T11:31:08","date_gmt":"2015-12-07T10:31:08","guid":{"rendered":"http:\/\/www.andreclaude.fr\/web\/index.php\/produit\/pomme-royal-gala-le-kilo\/"},"modified":"2025-09-02T09:28:58","modified_gmt":"2025-09-02T08:28:58","slug":"pomme-royal-gala-le-kilo","status":"publish","type":"product","link":"https:\/\/www.andreclaude.fr\/web\/index.php\/produit\/pomme-royal-gala-le-kilo\/","title":{"rendered":"Pomme Royal Gala France Cat 1 le kilo"},"content":{"rendered":"","protected":false},"excerpt":{"rendered":"<p>La Gala occupe la deuxi\u00e8me place dans le c\u0153ur des Fran\u00e7ais. Sans doute pour son \u00e9clat app\u00e9tissant et la douceur de sa chair ! Tr\u00e8s croquante, sucr\u00e9e, juteuse. Id\u00e9ale pour vous d\u00e9salt\u00e9rer. A croquer, au four, en tarte, \u00e0 cuisiner.<\/p>\n<p>&nbsp;<\/p>\n<p>&nbsp;<\/p>\n","protected":false},"featured_media":9343,"comment_status":"closed","ping_status":"closed","template":"","meta":[],"product_cat":[194,144],"product_tag":[],"jetpack_publicize_connections":[],"_links":{"self":[{"href":"https:\/\/www.andreclaude.fr\/web\/index.php\/wp-json\/wp\/v2\/product\/5330"}],"collection":[{"href":"https:\/\/www.andreclaude.fr\/web\/index.php\/wp-json\/wp\/v2\/product"}],"about":[{"href":"https:\/\/www.andreclaude.fr\/web\/index.php\/wp-json\/wp\/v2\/types\/product"}],"replies":[{"embeddable":true,"href":"https:\/\/www.andreclaude.fr\/web\/index.php\/wp-json\/wp\/v2\/comments?post=5330"}],"wp:featuredmedia":[{"embeddable":true,"href":"https:\/\/www.andreclaude.fr\/web\/index.php\/wp-json\/wp\/v2\/media\/9343"}],"wp:attachment":[{"href":"https:\/\/www.andreclaude.fr\/web\/index.php\/wp-json\/wp\/v2\/media?parent=5330"}],"wp:term":[{"taxonomy":"product_cat","embeddable":true,"href":"https:\/\/www.andreclaude.fr\/web\/index.php\/wp-json\/wp\/v2\/product_cat?post=5330"},{"taxonomy":"product_tag","embeddable":true,"href":"https:\/\/www.andreclaude.fr\/web\/index.php\/wp-json\/wp\/v2\/product_tag?post=5330"}],"curies":[{"name":"wp","href":"https:\/\/api.w.org\/{rel}","templated":true}]}}