{"id":5324,"date":"2015-12-07T11:31:00","date_gmt":"2015-12-07T10:31:00","guid":{"rendered":"http:\/\/www.andreclaude.fr\/web\/index.php\/produit\/pomme-chantecler-le-kilo\/"},"modified":"2025-10-16T03:56:36","modified_gmt":"2025-10-16T02:56:36","slug":"pomme-chantecler-le-kilo","status":"publish","type":"product","link":"https:\/\/www.andreclaude.fr\/web\/index.php\/produit\/pomme-chantecler-le-kilo\/","title":{"rendered":"Pomme Chantecler France Cat 1 le kilo"},"content":{"rendered":"","protected":false},"excerpt":{"rendered":"<p>61 110 Coulonges les sablons.<\/p>\n<p>Sucr\u00e9e et tr\u00e8s parfum\u00e9e, la\u00a0 chanteclerc est croquante sous la dent et fondante en bouche. La cuisson r\u00e9v\u00e8le tous ses ar\u00f4mes, elle deviendra tr\u00e8s vite la star de vos recettes au four et de vos desserts.<\/p>\n","protected":false},"featured_media":7605,"comment_status":"closed","ping_status":"closed","template":"","meta":[],"product_cat":[194,144],"product_tag":[],"jetpack_publicize_connections":[],"_links":{"self":[{"href":"https:\/\/www.andreclaude.fr\/web\/index.php\/wp-json\/wp\/v2\/product\/5324"}],"collection":[{"href":"https:\/\/www.andreclaude.fr\/web\/index.php\/wp-json\/wp\/v2\/product"}],"about":[{"href":"https:\/\/www.andreclaude.fr\/web\/index.php\/wp-json\/wp\/v2\/types\/product"}],"replies":[{"embeddable":true,"href":"https:\/\/www.andreclaude.fr\/web\/index.php\/wp-json\/wp\/v2\/comments?post=5324"}],"wp:featuredmedia":[{"embeddable":true,"href":"https:\/\/www.andreclaude.fr\/web\/index.php\/wp-json\/wp\/v2\/media\/7605"}],"wp:attachment":[{"href":"https:\/\/www.andreclaude.fr\/web\/index.php\/wp-json\/wp\/v2\/media?parent=5324"}],"wp:term":[{"taxonomy":"product_cat","embeddable":true,"href":"https:\/\/www.andreclaude.fr\/web\/index.php\/wp-json\/wp\/v2\/product_cat?post=5324"},{"taxonomy":"product_tag","embeddable":true,"href":"https:\/\/www.andreclaude.fr\/web\/index.php\/wp-json\/wp\/v2\/product_tag?post=5324"}],"curies":[{"name":"wp","href":"https:\/\/api.w.org\/{rel}","templated":true}]}}