{"id":5289,"date":"2015-12-07T11:30:43","date_gmt":"2015-12-07T10:30:43","guid":{"rendered":"http:\/\/www.andreclaude.fr\/web\/index.php\/produit\/betterave-crue-nouvelle-les-500-grs\/"},"modified":"2026-04-09T05:05:32","modified_gmt":"2026-04-09T04:05:32","slug":"betterave-crue-nouvelle-les-500-grs","status":"publish","type":"product","link":"https:\/\/www.andreclaude.fr\/web\/index.php\/produit\/betterave-crue-nouvelle-les-500-grs\/","title":{"rendered":"Betterave crue France Cat 1 la pi\u00e8ce env 250g"},"content":{"rendered":"","protected":false},"excerpt":{"rendered":"<p>Compte tenu du temps de cuisson assez long, on trouve souvent la racine de betterave d\u00e9j\u00e0 cuite, vendue en vrac\u00a0 ou sous vide. On peut \u00e9galement la d\u00e9guster crue, r\u00e2p\u00e9e ou en carpaccio. Elle est, le plus souvent, consomm\u00e9e en salade.<\/p>\n","protected":false},"featured_media":6814,"comment_status":"closed","ping_status":"closed","template":"","meta":[],"product_cat":[194,145],"product_tag":[],"jetpack_publicize_connections":[],"_links":{"self":[{"href":"https:\/\/www.andreclaude.fr\/web\/index.php\/wp-json\/wp\/v2\/product\/5289"}],"collection":[{"href":"https:\/\/www.andreclaude.fr\/web\/index.php\/wp-json\/wp\/v2\/product"}],"about":[{"href":"https:\/\/www.andreclaude.fr\/web\/index.php\/wp-json\/wp\/v2\/types\/product"}],"replies":[{"embeddable":true,"href":"https:\/\/www.andreclaude.fr\/web\/index.php\/wp-json\/wp\/v2\/comments?post=5289"}],"wp:featuredmedia":[{"embeddable":true,"href":"https:\/\/www.andreclaude.fr\/web\/index.php\/wp-json\/wp\/v2\/media\/6814"}],"wp:attachment":[{"href":"https:\/\/www.andreclaude.fr\/web\/index.php\/wp-json\/wp\/v2\/media?parent=5289"}],"wp:term":[{"taxonomy":"product_cat","embeddable":true,"href":"https:\/\/www.andreclaude.fr\/web\/index.php\/wp-json\/wp\/v2\/product_cat?post=5289"},{"taxonomy":"product_tag","embeddable":true,"href":"https:\/\/www.andreclaude.fr\/web\/index.php\/wp-json\/wp\/v2\/product_tag?post=5289"}],"curies":[{"name":"wp","href":"https:\/\/api.w.org\/{rel}","templated":true}]}}