{"id":5269,"date":"2015-12-07T11:30:33","date_gmt":"2015-12-07T10:30:33","guid":{"rendered":"http:\/\/www.andreclaude.fr\/web\/index.php\/produit\/champignon-morille-sechee-les-100grs\/"},"modified":"2022-01-22T08:51:54","modified_gmt":"2022-01-22T07:51:54","slug":"champignon-morille-sechee-les-100grs","status":"publish","type":"product","link":"https:\/\/www.andreclaude.fr\/web\/index.php\/produit\/champignon-morille-sechee-les-100grs\/","title":{"rendered":"Champignon Morille s\u00e9ch\u00e9e Canada les 100g"},"content":{"rendered":"<h3>R\u00e9hydratation \u00e0 froid<\/h3>\n<p>Faire tremper les morilles d\u00e9shydrat\u00e9es au minimum 12h (une nuit) dans 5 fois leur poids en volume d\u2019eau. (4\u00b0C) Pour encore plus de saveurs, vous pouvez remplacer l\u2019eau par du lait. Pr\u00e9lever les morilles \u00e0 l\u2019\u00e9cumoire et bien les rincer sous l\u2019eau froide avant de les mettre en cuisson.<\/p>\n<p>Puis la cuisiner comme un champignon frais.<\/p>\n","protected":false},"excerpt":{"rendered":"<p>La morille a une saveur de noisette aux riches ar\u00f4mes bois\u00e9s. Son bouquet et sa raret\u00e9 en font l&rsquo;un des champignons les plus recherch\u00e9s des gastronomes.<\/p>\n<p>R\u00e9hydratez 2 heures dans de l&rsquo;eau ti\u00e8de puis rincez abondamment. Puis la cuisiner comme une morille fra\u00eeche.<\/p>\n","protected":false},"featured_media":8020,"comment_status":"closed","ping_status":"closed","template":"","meta":[],"product_cat":[194,150],"product_tag":[],"jetpack_publicize_connections":[],"_links":{"self":[{"href":"https:\/\/www.andreclaude.fr\/web\/index.php\/wp-json\/wp\/v2\/product\/5269"}],"collection":[{"href":"https:\/\/www.andreclaude.fr\/web\/index.php\/wp-json\/wp\/v2\/product"}],"about":[{"href":"https:\/\/www.andreclaude.fr\/web\/index.php\/wp-json\/wp\/v2\/types\/product"}],"replies":[{"embeddable":true,"href":"https:\/\/www.andreclaude.fr\/web\/index.php\/wp-json\/wp\/v2\/comments?post=5269"}],"wp:featuredmedia":[{"embeddable":true,"href":"https:\/\/www.andreclaude.fr\/web\/index.php\/wp-json\/wp\/v2\/media\/8020"}],"wp:attachment":[{"href":"https:\/\/www.andreclaude.fr\/web\/index.php\/wp-json\/wp\/v2\/media?parent=5269"}],"wp:term":[{"taxonomy":"product_cat","embeddable":true,"href":"https:\/\/www.andreclaude.fr\/web\/index.php\/wp-json\/wp\/v2\/product_cat?post=5269"},{"taxonomy":"product_tag","embeddable":true,"href":"https:\/\/www.andreclaude.fr\/web\/index.php\/wp-json\/wp\/v2\/product_tag?post=5269"}],"curies":[{"name":"wp","href":"https:\/\/api.w.org\/{rel}","templated":true}]}}