{"id":5223,"date":"2015-12-07T11:30:16","date_gmt":"2015-12-07T10:30:16","guid":{"rendered":"http:\/\/www.andreclaude.fr\/web\/index.php\/produit\/amande-coque-les-500-grs\/"},"modified":"2026-02-03T11:31:26","modified_gmt":"2026-02-03T10:31:26","slug":"amande-fraiche-les-500-grs","status":"publish","type":"product","link":"https:\/\/www.andreclaude.fr\/web\/index.php\/produit\/amande-fraiche-les-500-grs\/","title":{"rendered":"Amande coque France Cat 1 les 500g"},"content":{"rendered":"","protected":false},"excerpt":{"rendered":"<p>Parfaites pour un grignotage sain et \u00e9quilibr\u00e9, les amandes poss\u00e8dent de multiples vertus sant\u00e9. Bonnes pour le c\u0153ur, excellentes pour l\u2019estomac et le transit, antioxydantes&#8230;<\/p>\n","protected":false},"featured_media":16858,"comment_status":"closed","ping_status":"closed","template":"","meta":[],"product_cat":[194,144],"product_tag":[],"jetpack_publicize_connections":[],"_links":{"self":[{"href":"https:\/\/www.andreclaude.fr\/web\/index.php\/wp-json\/wp\/v2\/product\/5223"}],"collection":[{"href":"https:\/\/www.andreclaude.fr\/web\/index.php\/wp-json\/wp\/v2\/product"}],"about":[{"href":"https:\/\/www.andreclaude.fr\/web\/index.php\/wp-json\/wp\/v2\/types\/product"}],"replies":[{"embeddable":true,"href":"https:\/\/www.andreclaude.fr\/web\/index.php\/wp-json\/wp\/v2\/comments?post=5223"}],"wp:featuredmedia":[{"embeddable":true,"href":"https:\/\/www.andreclaude.fr\/web\/index.php\/wp-json\/wp\/v2\/media\/16858"}],"wp:attachment":[{"href":"https:\/\/www.andreclaude.fr\/web\/index.php\/wp-json\/wp\/v2\/media?parent=5223"}],"wp:term":[{"taxonomy":"product_cat","embeddable":true,"href":"https:\/\/www.andreclaude.fr\/web\/index.php\/wp-json\/wp\/v2\/product_cat?post=5223"},{"taxonomy":"product_tag","embeddable":true,"href":"https:\/\/www.andreclaude.fr\/web\/index.php\/wp-json\/wp\/v2\/product_tag?post=5223"}],"curies":[{"name":"wp","href":"https:\/\/api.w.org\/{rel}","templated":true}]}}