{"id":5132,"date":"2015-12-07T11:28:26","date_gmt":"2015-12-07T10:28:26","guid":{"rendered":"http:\/\/www.andreclaude.fr\/web\/index.php\/produit\/navet-les-500-grs\/"},"modified":"2025-08-23T05:28:21","modified_gmt":"2025-08-23T04:28:21","slug":"navet-les-500-grs","status":"publish","type":"product","link":"https:\/\/www.andreclaude.fr\/web\/index.php\/produit\/navet-les-500-grs\/","title":{"rendered":"Navet France Cat 1 la pi\u00e8ce env. 200 grs"},"content":{"rendered":"","protected":false},"excerpt":{"rendered":"<p>Le navet, malgr\u00e9 la mauvaise r\u00e9putation dont l&rsquo;affublent les expressions n\u00e9gatives comme <em>avoir un sang de navet<\/em> (\u00eatre apathique) ou sa signification de <em>mauvais film<\/em>, est un l\u00e9gume qui agr\u00e9mente avantageusement plats et sauces. On le trouve notamment dans le navarin et le pot au feu, il parfume les soupes&#8230;.<\/p>\n","protected":false},"featured_media":8052,"comment_status":"closed","ping_status":"closed","template":"","meta":[],"product_cat":[194,145],"product_tag":[],"jetpack_publicize_connections":[],"_links":{"self":[{"href":"https:\/\/www.andreclaude.fr\/web\/index.php\/wp-json\/wp\/v2\/product\/5132"}],"collection":[{"href":"https:\/\/www.andreclaude.fr\/web\/index.php\/wp-json\/wp\/v2\/product"}],"about":[{"href":"https:\/\/www.andreclaude.fr\/web\/index.php\/wp-json\/wp\/v2\/types\/product"}],"replies":[{"embeddable":true,"href":"https:\/\/www.andreclaude.fr\/web\/index.php\/wp-json\/wp\/v2\/comments?post=5132"}],"wp:featuredmedia":[{"embeddable":true,"href":"https:\/\/www.andreclaude.fr\/web\/index.php\/wp-json\/wp\/v2\/media\/8052"}],"wp:attachment":[{"href":"https:\/\/www.andreclaude.fr\/web\/index.php\/wp-json\/wp\/v2\/media?parent=5132"}],"wp:term":[{"taxonomy":"product_cat","embeddable":true,"href":"https:\/\/www.andreclaude.fr\/web\/index.php\/wp-json\/wp\/v2\/product_cat?post=5132"},{"taxonomy":"product_tag","embeddable":true,"href":"https:\/\/www.andreclaude.fr\/web\/index.php\/wp-json\/wp\/v2\/product_tag?post=5132"}],"curies":[{"name":"wp","href":"https:\/\/api.w.org\/{rel}","templated":true}]}}