{"id":5105,"date":"2015-12-07T11:28:26","date_gmt":"2015-12-07T10:28:26","guid":{"rendered":"http:\/\/www.andreclaude.fr\/web\/index.php\/produit\/grenade-les-500-gr\/"},"modified":"2026-02-28T12:16:50","modified_gmt":"2026-02-28T11:16:50","slug":"grenade-la-piece","status":"publish","type":"product","link":"https:\/\/www.andreclaude.fr\/web\/index.php\/produit\/grenade-la-piece\/","title":{"rendered":"Grenade Espagne Cat\u00e9gorie 1 la pi\u00e8ce"},"content":{"rendered":"","protected":false},"excerpt":{"rendered":"<p>La pi\u00e8ce environ 500 grammes. La grenade se consomme le plus souvent en sirop. Crue, on en consomme les graines acidul\u00e9es telles quelles, dans les salades de l\u00e9gumes ou de fruits, en d\u00e9coration ou accompagnement, en sorbet\u2026 Cuite, on la pr\u00e9pare en sauce.<\/p>\n","protected":false},"featured_media":18781,"comment_status":"closed","ping_status":"closed","template":"","meta":[],"product_cat":[194,144],"product_tag":[],"jetpack_publicize_connections":[],"_links":{"self":[{"href":"https:\/\/www.andreclaude.fr\/web\/index.php\/wp-json\/wp\/v2\/product\/5105"}],"collection":[{"href":"https:\/\/www.andreclaude.fr\/web\/index.php\/wp-json\/wp\/v2\/product"}],"about":[{"href":"https:\/\/www.andreclaude.fr\/web\/index.php\/wp-json\/wp\/v2\/types\/product"}],"replies":[{"embeddable":true,"href":"https:\/\/www.andreclaude.fr\/web\/index.php\/wp-json\/wp\/v2\/comments?post=5105"}],"wp:featuredmedia":[{"embeddable":true,"href":"https:\/\/www.andreclaude.fr\/web\/index.php\/wp-json\/wp\/v2\/media\/18781"}],"wp:attachment":[{"href":"https:\/\/www.andreclaude.fr\/web\/index.php\/wp-json\/wp\/v2\/media?parent=5105"}],"wp:term":[{"taxonomy":"product_cat","embeddable":true,"href":"https:\/\/www.andreclaude.fr\/web\/index.php\/wp-json\/wp\/v2\/product_cat?post=5105"},{"taxonomy":"product_tag","embeddable":true,"href":"https:\/\/www.andreclaude.fr\/web\/index.php\/wp-json\/wp\/v2\/product_tag?post=5105"}],"curies":[{"name":"wp","href":"https:\/\/api.w.org\/{rel}","templated":true}]}}