{"id":5086,"date":"2015-12-07T11:28:13","date_gmt":"2015-12-07T10:28:13","guid":{"rendered":"http:\/\/www.andreclaude.fr\/web\/index.php\/produit\/poire-comice-le-kilo\/"},"modified":"2025-09-30T05:37:56","modified_gmt":"2025-09-30T04:37:56","slug":"poire-comice-le-kilo","status":"publish","type":"product","link":"https:\/\/www.andreclaude.fr\/web\/index.php\/produit\/poire-comice-le-kilo\/","title":{"rendered":"Poire Comice Belgique Cat\u00e9gorie 1 le kilo"},"content":{"rendered":"","protected":false},"excerpt":{"rendered":"<p>La Comice est une vari\u00e9t\u00e9 de poire cr\u00e9\u00e9e \u00e0 Angers en 1848. Une astuce : la proximit\u00e9 d&rsquo;une pomme acc\u00e9l\u00e8re le processus de maturation.<\/p>\n","protected":false},"featured_media":7601,"comment_status":"closed","ping_status":"closed","template":"","meta":[],"product_cat":[194,144],"product_tag":[],"jetpack_publicize_connections":[],"_links":{"self":[{"href":"https:\/\/www.andreclaude.fr\/web\/index.php\/wp-json\/wp\/v2\/product\/5086"}],"collection":[{"href":"https:\/\/www.andreclaude.fr\/web\/index.php\/wp-json\/wp\/v2\/product"}],"about":[{"href":"https:\/\/www.andreclaude.fr\/web\/index.php\/wp-json\/wp\/v2\/types\/product"}],"replies":[{"embeddable":true,"href":"https:\/\/www.andreclaude.fr\/web\/index.php\/wp-json\/wp\/v2\/comments?post=5086"}],"wp:featuredmedia":[{"embeddable":true,"href":"https:\/\/www.andreclaude.fr\/web\/index.php\/wp-json\/wp\/v2\/media\/7601"}],"wp:attachment":[{"href":"https:\/\/www.andreclaude.fr\/web\/index.php\/wp-json\/wp\/v2\/media?parent=5086"}],"wp:term":[{"taxonomy":"product_cat","embeddable":true,"href":"https:\/\/www.andreclaude.fr\/web\/index.php\/wp-json\/wp\/v2\/product_cat?post=5086"},{"taxonomy":"product_tag","embeddable":true,"href":"https:\/\/www.andreclaude.fr\/web\/index.php\/wp-json\/wp\/v2\/product_tag?post=5086"}],"curies":[{"name":"wp","href":"https:\/\/api.w.org\/{rel}","templated":true}]}}