{"id":5066,"date":"2015-12-07T11:28:13","date_gmt":"2015-12-07T10:28:13","guid":{"rendered":"http:\/\/www.andreclaude.fr\/web\/index.php\/produit\/orange-sanguine-le-kilo\/"},"modified":"2026-01-29T06:07:12","modified_gmt":"2026-01-29T05:07:12","slug":"orange-sanguine-le-kilo","status":"publish","type":"product","link":"https:\/\/www.andreclaude.fr\/web\/index.php\/produit\/orange-sanguine-le-kilo\/","title":{"rendered":"Orange Sanguine Italie Cat 1 le kilo"},"content":{"rendered":"","protected":false},"excerpt":{"rendered":"<div>\n<p>Conservation:<\/p>\n<p>A temp\u00e9rature ambiante pendant une semaine, attention je risque de s\u00e9cher.<\/p>\n<p>Au r\u00e9frig\u00e9rateur vous pourrez me conserver 3 semaines, sans risque de d\u00e9shydratation ainsi je garde tout mon jus et mes vitamines !!!<\/p>\n<\/div>\n","protected":false},"featured_media":13592,"comment_status":"closed","ping_status":"closed","template":"","meta":[],"product_cat":[194,144],"product_tag":[],"jetpack_publicize_connections":[],"_links":{"self":[{"href":"https:\/\/www.andreclaude.fr\/web\/index.php\/wp-json\/wp\/v2\/product\/5066"}],"collection":[{"href":"https:\/\/www.andreclaude.fr\/web\/index.php\/wp-json\/wp\/v2\/product"}],"about":[{"href":"https:\/\/www.andreclaude.fr\/web\/index.php\/wp-json\/wp\/v2\/types\/product"}],"replies":[{"embeddable":true,"href":"https:\/\/www.andreclaude.fr\/web\/index.php\/wp-json\/wp\/v2\/comments?post=5066"}],"wp:featuredmedia":[{"embeddable":true,"href":"https:\/\/www.andreclaude.fr\/web\/index.php\/wp-json\/wp\/v2\/media\/13592"}],"wp:attachment":[{"href":"https:\/\/www.andreclaude.fr\/web\/index.php\/wp-json\/wp\/v2\/media?parent=5066"}],"wp:term":[{"taxonomy":"product_cat","embeddable":true,"href":"https:\/\/www.andreclaude.fr\/web\/index.php\/wp-json\/wp\/v2\/product_cat?post=5066"},{"taxonomy":"product_tag","embeddable":true,"href":"https:\/\/www.andreclaude.fr\/web\/index.php\/wp-json\/wp\/v2\/product_tag?post=5066"}],"curies":[{"name":"wp","href":"https:\/\/api.w.org\/{rel}","templated":true}]}}