{"id":5049,"date":"2015-12-07T11:28:02","date_gmt":"2015-12-07T10:28:02","guid":{"rendered":"http:\/\/www.andreclaude.fr\/web\/index.php\/produit\/radis-rose-la-botte\/"},"modified":"2026-03-21T06:39:07","modified_gmt":"2026-03-21T05:39:07","slug":"radis-rose-la-botte","status":"publish","type":"product","link":"https:\/\/www.andreclaude.fr\/web\/index.php\/produit\/radis-rose-la-botte\/","title":{"rendered":"Radis rose France Cat\u00e9gorie 1 la botte"},"content":{"rendered":"","protected":false},"excerpt":{"rendered":"<p>Si le radis est surtout consomm\u00e9 pour sa racine mang\u00e9e crue (radis rouge ou radis noir), on peut aussi utiliser ses feuilles dans des soupes, ou cuire les racines, par exemple au wok, tout en conservant leur croquant.<\/p>\n<p>Les radis sont tr\u00e8s rafra\u00eechissants et constituent un ap\u00e9ritif ou une entr\u00e9e agr\u00e9ables, consomm\u00e9s bien frais avec un peu de sel ou de beurre sal\u00e9. Go\u00fbtez les \u00e9galement chauds, juste po\u00eal\u00e9s, vous serez surpris par leur nouvelle saveur !<\/p>\n","protected":false},"featured_media":6845,"comment_status":"closed","ping_status":"closed","template":"","meta":[],"product_cat":[194,145],"product_tag":[],"jetpack_publicize_connections":[],"_links":{"self":[{"href":"https:\/\/www.andreclaude.fr\/web\/index.php\/wp-json\/wp\/v2\/product\/5049"}],"collection":[{"href":"https:\/\/www.andreclaude.fr\/web\/index.php\/wp-json\/wp\/v2\/product"}],"about":[{"href":"https:\/\/www.andreclaude.fr\/web\/index.php\/wp-json\/wp\/v2\/types\/product"}],"replies":[{"embeddable":true,"href":"https:\/\/www.andreclaude.fr\/web\/index.php\/wp-json\/wp\/v2\/comments?post=5049"}],"wp:featuredmedia":[{"embeddable":true,"href":"https:\/\/www.andreclaude.fr\/web\/index.php\/wp-json\/wp\/v2\/media\/6845"}],"wp:attachment":[{"href":"https:\/\/www.andreclaude.fr\/web\/index.php\/wp-json\/wp\/v2\/media?parent=5049"}],"wp:term":[{"taxonomy":"product_cat","embeddable":true,"href":"https:\/\/www.andreclaude.fr\/web\/index.php\/wp-json\/wp\/v2\/product_cat?post=5049"},{"taxonomy":"product_tag","embeddable":true,"href":"https:\/\/www.andreclaude.fr\/web\/index.php\/wp-json\/wp\/v2\/product_tag?post=5049"}],"curies":[{"name":"wp","href":"https:\/\/api.w.org\/{rel}","templated":true}]}}