{"id":5041,"date":"2015-12-07T11:28:02","date_gmt":"2015-12-07T10:28:02","guid":{"rendered":"http:\/\/www.andreclaude.fr\/web\/index.php\/produit\/p-d-t-grenaille-sirtema-de-noirmoutier-les-500-grs\/"},"modified":"2026-05-07T05:05:11","modified_gmt":"2026-05-07T04:05:11","slug":"p-d-t-grenaille-de-noirmoutier-le-kilo","status":"publish","type":"product","link":"https:\/\/www.andreclaude.fr\/web\/index.php\/produit\/p-d-t-grenaille-de-noirmoutier-le-kilo\/","title":{"rendered":"P.D.T. Grenaille Ile de R\u00e9 Cat 1 les 500g"},"content":{"rendered":"<p>&nbsp;<\/p>\n<p>&nbsp;<\/p>\n","protected":false},"excerpt":{"rendered":"<p>Les pommes de terre primeur n\u2019ont pas besoin d\u2019\u00eatre \u00e9pluch\u00e9es tant la peau est fine et d\u00e9licieuse.<\/p>\n<p>A cuire directement \u00e0 la po\u00eale avec du beurre et de l&rsquo;huile, assaisonner de fleur de sel et de poivre,\u00a0 un d\u00e9lice pour les papilles !!!<\/p>\n<div>\n<div>\n<p>Calibre\u00a0 35 &#8211; 55<\/p>\n<p>Pommes de terre de consommation<\/p>\n<p>Traitement anti-germinatif<\/p>\n<\/div>\n<\/div>\n","protected":false},"featured_media":8524,"comment_status":"closed","ping_status":"closed","template":"","meta":[],"product_cat":[194,145],"product_tag":[],"jetpack_publicize_connections":[],"_links":{"self":[{"href":"https:\/\/www.andreclaude.fr\/web\/index.php\/wp-json\/wp\/v2\/product\/5041"}],"collection":[{"href":"https:\/\/www.andreclaude.fr\/web\/index.php\/wp-json\/wp\/v2\/product"}],"about":[{"href":"https:\/\/www.andreclaude.fr\/web\/index.php\/wp-json\/wp\/v2\/types\/product"}],"replies":[{"embeddable":true,"href":"https:\/\/www.andreclaude.fr\/web\/index.php\/wp-json\/wp\/v2\/comments?post=5041"}],"wp:featuredmedia":[{"embeddable":true,"href":"https:\/\/www.andreclaude.fr\/web\/index.php\/wp-json\/wp\/v2\/media\/8524"}],"wp:attachment":[{"href":"https:\/\/www.andreclaude.fr\/web\/index.php\/wp-json\/wp\/v2\/media?parent=5041"}],"wp:term":[{"taxonomy":"product_cat","embeddable":true,"href":"https:\/\/www.andreclaude.fr\/web\/index.php\/wp-json\/wp\/v2\/product_cat?post=5041"},{"taxonomy":"product_tag","embeddable":true,"href":"https:\/\/www.andreclaude.fr\/web\/index.php\/wp-json\/wp\/v2\/product_tag?post=5041"}],"curies":[{"name":"wp","href":"https:\/\/api.w.org\/{rel}","templated":true}]}}