{"id":5026,"date":"2015-12-07T11:27:50","date_gmt":"2015-12-07T10:27:50","guid":{"rendered":"http:\/\/www.andreclaude.fr\/web\/index.php\/produit\/oignon-grelot-les-500-grs\/"},"modified":"2025-11-18T05:38:47","modified_gmt":"2025-11-18T04:38:47","slug":"oignon-grelot-les-500-grs","status":"publish","type":"product","link":"https:\/\/www.andreclaude.fr\/web\/index.php\/produit\/oignon-grelot-les-500-grs\/","title":{"rendered":"Oignon grelot jaune France Cat 1 les 250g"},"content":{"rendered":"","protected":false},"excerpt":{"rendered":"<p>Les oignons grelots sont de tous petits oignons blancs ou jaunes et s\u00e9ch\u00e9s, \u00e0 la saveur tr\u00e8s douce. Ils se pr\u00e9parent en garniture de r\u00f4tis ou de plats mijot\u00e9s mais ils s&#8217;emploient aussi comme condiments.<\/p>\n","protected":false},"featured_media":10103,"comment_status":"closed","ping_status":"closed","template":"","meta":[],"product_cat":[194,145],"product_tag":[],"jetpack_publicize_connections":[],"_links":{"self":[{"href":"https:\/\/www.andreclaude.fr\/web\/index.php\/wp-json\/wp\/v2\/product\/5026"}],"collection":[{"href":"https:\/\/www.andreclaude.fr\/web\/index.php\/wp-json\/wp\/v2\/product"}],"about":[{"href":"https:\/\/www.andreclaude.fr\/web\/index.php\/wp-json\/wp\/v2\/types\/product"}],"replies":[{"embeddable":true,"href":"https:\/\/www.andreclaude.fr\/web\/index.php\/wp-json\/wp\/v2\/comments?post=5026"}],"wp:featuredmedia":[{"embeddable":true,"href":"https:\/\/www.andreclaude.fr\/web\/index.php\/wp-json\/wp\/v2\/media\/10103"}],"wp:attachment":[{"href":"https:\/\/www.andreclaude.fr\/web\/index.php\/wp-json\/wp\/v2\/media?parent=5026"}],"wp:term":[{"taxonomy":"product_cat","embeddable":true,"href":"https:\/\/www.andreclaude.fr\/web\/index.php\/wp-json\/wp\/v2\/product_cat?post=5026"},{"taxonomy":"product_tag","embeddable":true,"href":"https:\/\/www.andreclaude.fr\/web\/index.php\/wp-json\/wp\/v2\/product_tag?post=5026"}],"curies":[{"name":"wp","href":"https:\/\/api.w.org\/{rel}","templated":true}]}}