{"id":4992,"date":"2015-12-07T11:27:39","date_gmt":"2015-12-07T10:27:39","guid":{"rendered":"http:\/\/www.andreclaude.fr\/web\/index.php\/produit\/oignon-jaune-les-500-grs\/"},"modified":"2025-08-26T06:25:37","modified_gmt":"2025-08-26T05:25:37","slug":"oignon-jaune-les-500-grs","status":"publish","type":"product","link":"https:\/\/www.andreclaude.fr\/web\/index.php\/produit\/oignon-jaune-les-500-grs\/","title":{"rendered":"Oignon jaune France Cat\u00e9gorie 1 les 500g"},"content":{"rendered":"","protected":false},"excerpt":{"rendered":"<p>Origine : Eure et Loir. L\u2019oignon jaune est l\u2019oignon le plus utilis\u00e9 en cuisine. Il a une odeur assez forte et un go\u00fbt tr\u00e8s prononc\u00e9. D\u2019ailleurs il n\u2019est pas tr\u00e8s bon cru, \u00e0 moins de bien le m\u00e9langer \u00e0 d\u2019autres ingr\u00e9dients. Il est parfait pour les cuissons car il donne beaucoup de go\u00fbt et de saveur aux plats, surtout ceux mijot\u00e9s (sauces, soupes, rago\u00fbts\u2026).<\/p>\n","protected":false},"featured_media":10104,"comment_status":"closed","ping_status":"closed","template":"","meta":[],"product_cat":[194,145],"product_tag":[],"jetpack_publicize_connections":[],"_links":{"self":[{"href":"https:\/\/www.andreclaude.fr\/web\/index.php\/wp-json\/wp\/v2\/product\/4992"}],"collection":[{"href":"https:\/\/www.andreclaude.fr\/web\/index.php\/wp-json\/wp\/v2\/product"}],"about":[{"href":"https:\/\/www.andreclaude.fr\/web\/index.php\/wp-json\/wp\/v2\/types\/product"}],"replies":[{"embeddable":true,"href":"https:\/\/www.andreclaude.fr\/web\/index.php\/wp-json\/wp\/v2\/comments?post=4992"}],"wp:featuredmedia":[{"embeddable":true,"href":"https:\/\/www.andreclaude.fr\/web\/index.php\/wp-json\/wp\/v2\/media\/10104"}],"wp:attachment":[{"href":"https:\/\/www.andreclaude.fr\/web\/index.php\/wp-json\/wp\/v2\/media?parent=4992"}],"wp:term":[{"taxonomy":"product_cat","embeddable":true,"href":"https:\/\/www.andreclaude.fr\/web\/index.php\/wp-json\/wp\/v2\/product_cat?post=4992"},{"taxonomy":"product_tag","embeddable":true,"href":"https:\/\/www.andreclaude.fr\/web\/index.php\/wp-json\/wp\/v2\/product_tag?post=4992"}],"curies":[{"name":"wp","href":"https:\/\/api.w.org\/{rel}","templated":true}]}}