{"id":4988,"date":"2015-12-07T11:27:39","date_gmt":"2015-12-07T10:27:39","guid":{"rendered":"http:\/\/www.andreclaude.fr\/web\/index.php\/produit\/echalote-petite-les-250-grs\/"},"modified":"2025-09-09T05:27:13","modified_gmt":"2025-09-09T04:27:13","slug":"echalote-petite-les-250-grs","status":"publish","type":"product","link":"https:\/\/www.andreclaude.fr\/web\/index.php\/produit\/echalote-petite-les-250-grs\/","title":{"rendered":"Echalote petite France Cat 1 les 250g"},"content":{"rendered":"","protected":false},"excerpt":{"rendered":"<p>Les \u00e9chalotes sont d\u00e9licieuses cuites ou crues. Elles ont un ar\u00f4me plus fin que l&rsquo;oignon.<\/p>\n","protected":false},"featured_media":7649,"comment_status":"closed","ping_status":"closed","template":"","meta":[],"product_cat":[194,145],"product_tag":[],"jetpack_publicize_connections":[],"_links":{"self":[{"href":"https:\/\/www.andreclaude.fr\/web\/index.php\/wp-json\/wp\/v2\/product\/4988"}],"collection":[{"href":"https:\/\/www.andreclaude.fr\/web\/index.php\/wp-json\/wp\/v2\/product"}],"about":[{"href":"https:\/\/www.andreclaude.fr\/web\/index.php\/wp-json\/wp\/v2\/types\/product"}],"replies":[{"embeddable":true,"href":"https:\/\/www.andreclaude.fr\/web\/index.php\/wp-json\/wp\/v2\/comments?post=4988"}],"wp:featuredmedia":[{"embeddable":true,"href":"https:\/\/www.andreclaude.fr\/web\/index.php\/wp-json\/wp\/v2\/media\/7649"}],"wp:attachment":[{"href":"https:\/\/www.andreclaude.fr\/web\/index.php\/wp-json\/wp\/v2\/media?parent=4988"}],"wp:term":[{"taxonomy":"product_cat","embeddable":true,"href":"https:\/\/www.andreclaude.fr\/web\/index.php\/wp-json\/wp\/v2\/product_cat?post=4988"},{"taxonomy":"product_tag","embeddable":true,"href":"https:\/\/www.andreclaude.fr\/web\/index.php\/wp-json\/wp\/v2\/product_tag?post=4988"}],"curies":[{"name":"wp","href":"https:\/\/api.w.org\/{rel}","templated":true}]}}