{"id":4927,"date":"2015-12-07T11:27:28","date_gmt":"2015-12-07T10:27:28","guid":{"rendered":"http:\/\/www.andreclaude.fr\/web\/index.php\/produit\/peche-plate-le-kilo\/"},"modified":"2026-05-07T05:06:42","modified_gmt":"2026-05-07T04:06:42","slug":"peche-plate-le-kilo","status":"publish","type":"product","link":"https:\/\/www.andreclaude.fr\/web\/index.php\/produit\/peche-plate-le-kilo\/","title":{"rendered":"Peche plate Espagne Cat 1 le kilo"},"content":{"rendered":"","protected":false},"excerpt":{"rendered":"<p>La p\u00eache plate est non seulement diff\u00e9rente par sa forme mais aussi par son go\u00fbt, elle est souvent plus sucr\u00e9e, plus parfum\u00e9e, plus savoureuse et plus juteuse.<\/p>\n<p>Elle se consomme crue ou cuit, en compote, en confiture, en salade de fruits et peut aussi accompagner des plats sal\u00e9s&#8230;<\/p>\n<p>\u00c0 vous de choisir!<\/p>\n","protected":false},"featured_media":16084,"comment_status":"closed","ping_status":"closed","template":"","meta":[],"product_cat":[194,144],"product_tag":[],"jetpack_publicize_connections":[],"_links":{"self":[{"href":"https:\/\/www.andreclaude.fr\/web\/index.php\/wp-json\/wp\/v2\/product\/4927"}],"collection":[{"href":"https:\/\/www.andreclaude.fr\/web\/index.php\/wp-json\/wp\/v2\/product"}],"about":[{"href":"https:\/\/www.andreclaude.fr\/web\/index.php\/wp-json\/wp\/v2\/types\/product"}],"replies":[{"embeddable":true,"href":"https:\/\/www.andreclaude.fr\/web\/index.php\/wp-json\/wp\/v2\/comments?post=4927"}],"wp:featuredmedia":[{"embeddable":true,"href":"https:\/\/www.andreclaude.fr\/web\/index.php\/wp-json\/wp\/v2\/media\/16084"}],"wp:attachment":[{"href":"https:\/\/www.andreclaude.fr\/web\/index.php\/wp-json\/wp\/v2\/media?parent=4927"}],"wp:term":[{"taxonomy":"product_cat","embeddable":true,"href":"https:\/\/www.andreclaude.fr\/web\/index.php\/wp-json\/wp\/v2\/product_cat?post=4927"},{"taxonomy":"product_tag","embeddable":true,"href":"https:\/\/www.andreclaude.fr\/web\/index.php\/wp-json\/wp\/v2\/product_tag?post=4927"}],"curies":[{"name":"wp","href":"https:\/\/api.w.org\/{rel}","templated":true}]}}