{"id":4892,"date":"2015-12-07T11:27:14","date_gmt":"2015-12-07T10:27:14","guid":{"rendered":"http:\/\/www.andreclaude.fr\/web\/index.php\/produit\/artichaut-breton-la-piece\/"},"modified":"2026-04-30T04:40:07","modified_gmt":"2026-04-30T03:40:07","slug":"artichaut-la-piece","status":"publish","type":"product","link":"https:\/\/www.andreclaude.fr\/web\/index.php\/produit\/artichaut-la-piece\/","title":{"rendered":"Artichaut France Cat 1 la pi\u00e8ce"},"content":{"rendered":"","protected":false},"excerpt":{"rendered":"<p><strong>Comment pr\u00e9parer des artichauts ?<\/strong><\/p>\n<p>Il faut tout d\u2019abord laver les artichauts la t\u00eate en bas, \u00e9ventuellement dans de l&rsquo;eau vinaigr\u00e9e pour chasser les insectes y ayant trouv\u00e9 refuge, casser les tiges \u00e0 la main (pour supprimer les fibres) et enlever les premi\u00e8res feuilles du capitule qui sont dures et fibreuses.<\/p>\n<p>\u2022 Cuisson \u00e0 la cocotte minute : verser 2 grands verres d&rsquo;eau dans la cocotte, ajouter le jus d\u2019un citron. Ranger les artichauts dans le panier plac\u00e9 en position haute ; fermer et faire cuire 12 minutes \u00e0 partir du sifflement.<br \/>\n\u2022 Cuisson \u00e0 l\u2019eau : cuire les artichauts 45 mn dans de l\u2019eau bouillante sal\u00e9e. Les \u00e9goutter t\u00eate en bas.<br \/>\nLes d\u00e9guster avec une vinaigrette ou utilisez les fonds d\u2019artichauts dans une autre pr\u00e9paration.<\/p>\n","protected":false},"featured_media":7635,"comment_status":"closed","ping_status":"closed","template":"","meta":[],"product_cat":[194,145],"product_tag":[],"jetpack_publicize_connections":[],"_links":{"self":[{"href":"https:\/\/www.andreclaude.fr\/web\/index.php\/wp-json\/wp\/v2\/product\/4892"}],"collection":[{"href":"https:\/\/www.andreclaude.fr\/web\/index.php\/wp-json\/wp\/v2\/product"}],"about":[{"href":"https:\/\/www.andreclaude.fr\/web\/index.php\/wp-json\/wp\/v2\/types\/product"}],"replies":[{"embeddable":true,"href":"https:\/\/www.andreclaude.fr\/web\/index.php\/wp-json\/wp\/v2\/comments?post=4892"}],"wp:featuredmedia":[{"embeddable":true,"href":"https:\/\/www.andreclaude.fr\/web\/index.php\/wp-json\/wp\/v2\/media\/7635"}],"wp:attachment":[{"href":"https:\/\/www.andreclaude.fr\/web\/index.php\/wp-json\/wp\/v2\/media?parent=4892"}],"wp:term":[{"taxonomy":"product_cat","embeddable":true,"href":"https:\/\/www.andreclaude.fr\/web\/index.php\/wp-json\/wp\/v2\/product_cat?post=4892"},{"taxonomy":"product_tag","embeddable":true,"href":"https:\/\/www.andreclaude.fr\/web\/index.php\/wp-json\/wp\/v2\/product_tag?post=4892"}],"curies":[{"name":"wp","href":"https:\/\/api.w.org\/{rel}","templated":true}]}}