{"id":21966,"date":"2025-04-16T07:59:26","date_gmt":"2025-04-16T06:59:26","guid":{"rendered":"https:\/\/www.andreclaude.fr\/web\/?post_type=product&#038;p=21966"},"modified":"2025-04-16T08:00:21","modified_gmt":"2025-04-16T07:00:21","slug":"biere-blanche-de-gellainville-la-bouteille-75-cl","status":"publish","type":"product","link":"https:\/\/www.andreclaude.fr\/web\/index.php\/produit\/biere-blanche-de-gellainville-la-bouteille-75-cl\/","title":{"rendered":"Bi\u00e8re Blanche de Gellainville la bouteille 75 cl"},"content":{"rendered":"","protected":false},"excerpt":{"rendered":"<p>Alcool 4,8%.<\/p>\n<p>delabonne Blanche Bio est fra\u00eeche et l\u00e9g\u00e8re, m\u00e9daill\u00e9e \u00e0 Lyon, est construite dans l\u2019esprit des Blanches Belges l\u00e9g\u00e8res.<\/p>\n<p>delabonne Blanche Bio est fra\u00eeche et l\u00e9g\u00e8re, gr\u00e2ce aux 50% de malt de bl\u00e9 utilis\u00e9s lors du brassage, sa robe est claire et trouble. Elle est construite pour laisser appara\u00eetre un l\u00e9ger aromatique agrume et de clou de girofle, sa p\u00e9tillance est soutenue. Cette bi\u00e8re est brass\u00e9e avec des orges et houblons de la ferme Louasville.<\/p>\n<p>&nbsp;<\/p>\n<p>La consommation de boissons alcoolis\u00e9es pendant la grossesse, m\u00eame en faible quantit\u00e9, peut avoir des cons\u00e9quences graves sur la sant\u00e9 de l\u2019enfant.<\/p>\n<p>L ABUS D ALCOOL EST DANGEREUX POUR LA SANTE. A CONSOMMER AVEC MODERATION<\/p>\n<p>LA VENTE D ALCOOL EST INTERDITE AUX MINEURS.<\/p>\n<p>&nbsp;<\/p>\n","protected":false},"featured_media":21961,"comment_status":"closed","ping_status":"closed","template":"","meta":[],"product_cat":[196,194,160],"product_tag":[],"jetpack_publicize_connections":[],"_links":{"self":[{"href":"https:\/\/www.andreclaude.fr\/web\/index.php\/wp-json\/wp\/v2\/product\/21966"}],"collection":[{"href":"https:\/\/www.andreclaude.fr\/web\/index.php\/wp-json\/wp\/v2\/product"}],"about":[{"href":"https:\/\/www.andreclaude.fr\/web\/index.php\/wp-json\/wp\/v2\/types\/product"}],"replies":[{"embeddable":true,"href":"https:\/\/www.andreclaude.fr\/web\/index.php\/wp-json\/wp\/v2\/comments?post=21966"}],"wp:featuredmedia":[{"embeddable":true,"href":"https:\/\/www.andreclaude.fr\/web\/index.php\/wp-json\/wp\/v2\/media\/21961"}],"wp:attachment":[{"href":"https:\/\/www.andreclaude.fr\/web\/index.php\/wp-json\/wp\/v2\/media?parent=21966"}],"wp:term":[{"taxonomy":"product_cat","embeddable":true,"href":"https:\/\/www.andreclaude.fr\/web\/index.php\/wp-json\/wp\/v2\/product_cat?post=21966"},{"taxonomy":"product_tag","embeddable":true,"href":"https:\/\/www.andreclaude.fr\/web\/index.php\/wp-json\/wp\/v2\/product_tag?post=21966"}],"curies":[{"name":"wp","href":"https:\/\/api.w.org\/{rel}","templated":true}]}}