{"id":21963,"date":"2025-04-16T07:50:52","date_gmt":"2025-04-16T06:50:52","guid":{"rendered":"https:\/\/www.andreclaude.fr\/web\/?post_type=product&#038;p=21963"},"modified":"2025-04-16T08:04:46","modified_gmt":"2025-04-16T07:04:46","slug":"biere-ambree-de-gellainville-la-bouteille-33cl","status":"publish","type":"product","link":"https:\/\/www.andreclaude.fr\/web\/index.php\/produit\/biere-ambree-de-gellainville-la-bouteille-33cl\/","title":{"rendered":"Bi\u00e8re Ambr\u00e9e de Gellainville la bouteille 33 cl"},"content":{"rendered":"","protected":false},"excerpt":{"rendered":"<p>Alcool 6 %.<\/p>\n<p>Ambr\u00e9e de la gamme delabonne bio, cette bi\u00e8re riche et puissante r\u00e9conforte.<\/p>\n<p>delabonne Ambr\u00e9e Bio est une bi\u00e8re de d\u00e9gustation gourmande avec une belle robe ambr\u00e9e tirant sur le rouge carmin. Elle est ronde et a une belle longueur en bouche ; elle fait la part belle aux malts Cara et au houblon Barbe Rouge, avec une amertume tr\u00e8s mod\u00e9r\u00e9e. Cette bi\u00e8re est brass\u00e9e avec des orges et houblons de la ferme Louasville.<\/p>\n<p>La consommation de boissons alcoolis\u00e9es pendant la grossesse, m\u00eame en faible quantit\u00e9, peut avoir des cons\u00e9quences graves sur la sant\u00e9 de l\u2019enfant.<\/p>\n<p>L ABUS D ALCOOL EST DANGEREUX POUR LA SANTE. A CONSOMMER AVEC MODERATION<\/p>\n<p>LA VENTE D ALCOOL EST INTERDITE AUX MINEURS.<\/p>\n<p>&nbsp;<\/p>\n","protected":false},"featured_media":21959,"comment_status":"closed","ping_status":"closed","template":"","meta":[],"product_cat":[196,194,160],"product_tag":[],"jetpack_publicize_connections":[],"_links":{"self":[{"href":"https:\/\/www.andreclaude.fr\/web\/index.php\/wp-json\/wp\/v2\/product\/21963"}],"collection":[{"href":"https:\/\/www.andreclaude.fr\/web\/index.php\/wp-json\/wp\/v2\/product"}],"about":[{"href":"https:\/\/www.andreclaude.fr\/web\/index.php\/wp-json\/wp\/v2\/types\/product"}],"replies":[{"embeddable":true,"href":"https:\/\/www.andreclaude.fr\/web\/index.php\/wp-json\/wp\/v2\/comments?post=21963"}],"wp:featuredmedia":[{"embeddable":true,"href":"https:\/\/www.andreclaude.fr\/web\/index.php\/wp-json\/wp\/v2\/media\/21959"}],"wp:attachment":[{"href":"https:\/\/www.andreclaude.fr\/web\/index.php\/wp-json\/wp\/v2\/media?parent=21963"}],"wp:term":[{"taxonomy":"product_cat","embeddable":true,"href":"https:\/\/www.andreclaude.fr\/web\/index.php\/wp-json\/wp\/v2\/product_cat?post=21963"},{"taxonomy":"product_tag","embeddable":true,"href":"https:\/\/www.andreclaude.fr\/web\/index.php\/wp-json\/wp\/v2\/product_tag?post=21963"}],"curies":[{"name":"wp","href":"https:\/\/api.w.org\/{rel}","templated":true}]}}