{"id":21956,"date":"2025-04-16T07:21:27","date_gmt":"2025-04-16T06:21:27","guid":{"rendered":"https:\/\/www.andreclaude.fr\/web\/?post_type=product&#038;p=21956"},"modified":"2025-04-16T07:25:27","modified_gmt":"2025-04-16T06:25:27","slug":"biere-ipa-de-courville-la-bouteille-33cl","status":"publish","type":"product","link":"https:\/\/www.andreclaude.fr\/web\/index.php\/produit\/biere-ipa-de-courville-la-bouteille-33cl\/","title":{"rendered":"Bi\u00e8re ipa de Courville la bouteille 33cl"},"content":{"rendered":"","protected":false},"excerpt":{"rendered":"<p>Alcool 6,5 %.<\/p>\n<p>Bi\u00e8re blonde houblonn\u00e9e de fermentation haute l\u00e9g\u00e8rement am\u00e8re et particuli\u00e8rement fruit\u00e9e (ananas, mangue).<\/p>\n<p>EBC 10 IBU 40 ABV 6,5%<\/p>\n<p>Ingr\u00e9dients : Eau, <strong>malt d\u2019orge<\/strong>, houblons, levure.<\/p>\n<p>Contient du gluten.<\/p>\n<p>La consommation de boissons alcoolis\u00e9es pendant la grossesse, m\u00eame en faible quantit\u00e9, peut avoir des cons\u00e9quences graves sur la sant\u00e9 de l\u2019enfant.<\/p>\n<p>L ABUS D ALCOOL EST DANGEREUX POUR LA SANTE. A CONSOMMER AVEC MODERATION<\/p>\n<p>LA VENTE D ALCOOL EST INTERDITE AUX MINEURS.<\/p>\n<p>&nbsp;<\/p>\n","protected":false},"featured_media":21957,"comment_status":"closed","ping_status":"closed","template":"","meta":[],"product_cat":[196,194,160],"product_tag":[],"jetpack_publicize_connections":[],"_links":{"self":[{"href":"https:\/\/www.andreclaude.fr\/web\/index.php\/wp-json\/wp\/v2\/product\/21956"}],"collection":[{"href":"https:\/\/www.andreclaude.fr\/web\/index.php\/wp-json\/wp\/v2\/product"}],"about":[{"href":"https:\/\/www.andreclaude.fr\/web\/index.php\/wp-json\/wp\/v2\/types\/product"}],"replies":[{"embeddable":true,"href":"https:\/\/www.andreclaude.fr\/web\/index.php\/wp-json\/wp\/v2\/comments?post=21956"}],"wp:featuredmedia":[{"embeddable":true,"href":"https:\/\/www.andreclaude.fr\/web\/index.php\/wp-json\/wp\/v2\/media\/21957"}],"wp:attachment":[{"href":"https:\/\/www.andreclaude.fr\/web\/index.php\/wp-json\/wp\/v2\/media?parent=21956"}],"wp:term":[{"taxonomy":"product_cat","embeddable":true,"href":"https:\/\/www.andreclaude.fr\/web\/index.php\/wp-json\/wp\/v2\/product_cat?post=21956"},{"taxonomy":"product_tag","embeddable":true,"href":"https:\/\/www.andreclaude.fr\/web\/index.php\/wp-json\/wp\/v2\/product_tag?post=21956"}],"curies":[{"name":"wp","href":"https:\/\/api.w.org\/{rel}","templated":true}]}}