{"id":21954,"date":"2025-04-16T07:12:07","date_gmt":"2025-04-16T06:12:07","guid":{"rendered":"https:\/\/www.andreclaude.fr\/web\/?post_type=product&#038;p=21954"},"modified":"2025-04-16T07:18:29","modified_gmt":"2025-04-16T06:18:29","slug":"biere-blanche-de-courville-la-bouteille-33cl","status":"publish","type":"product","link":"https:\/\/www.andreclaude.fr\/web\/index.php\/produit\/biere-blanche-de-courville-la-bouteille-33cl\/","title":{"rendered":"Bi\u00e8re Blanche de Courville la bouteille 33cl"},"content":{"rendered":"","protected":false},"excerpt":{"rendered":"<p>Alcool 4,5 %.<\/p>\n<p>Micro Brasserie Beauce et perche<\/p>\n<p>Bi\u00e8re blanche de style belge (graines de coriandre et \u00e9corce d\u2019orange am\u00e8re).<\/p>\n<p>EBC 5 IBU 18 ABV 5.0%<\/p>\n<p>Ingr\u00e9dients : Eau, <strong>malt d\u2019orge<\/strong>, malt de bl\u00e9, flocons d\u2019avoine, houblon, graines de coriandre et \u00e9corce d\u2019orange am\u00e8re, levure.<\/p>\n<p>Contient du gluten.<\/p>\n<p>La consommation de boissons alcoolis\u00e9es pendant la grossesse, m\u00eame en faible quantit\u00e9, peut avoir des cons\u00e9quences graves sur la sant\u00e9 de l\u2019enfant.<\/p>\n<p>L ABUS D ALCOOL EST DANGEREUX POUR LA SANTE. A CONSOMMER AVEC MODERATION<\/p>\n<p>LA VENTE D ALCOOL EST INTERDITE AUX MINEURS.<\/p>\n<p>&nbsp;<\/p>\n","protected":false},"featured_media":21955,"comment_status":"closed","ping_status":"closed","template":"","meta":[],"product_cat":[196,194,160],"product_tag":[],"jetpack_publicize_connections":[],"_links":{"self":[{"href":"https:\/\/www.andreclaude.fr\/web\/index.php\/wp-json\/wp\/v2\/product\/21954"}],"collection":[{"href":"https:\/\/www.andreclaude.fr\/web\/index.php\/wp-json\/wp\/v2\/product"}],"about":[{"href":"https:\/\/www.andreclaude.fr\/web\/index.php\/wp-json\/wp\/v2\/types\/product"}],"replies":[{"embeddable":true,"href":"https:\/\/www.andreclaude.fr\/web\/index.php\/wp-json\/wp\/v2\/comments?post=21954"}],"wp:featuredmedia":[{"embeddable":true,"href":"https:\/\/www.andreclaude.fr\/web\/index.php\/wp-json\/wp\/v2\/media\/21955"}],"wp:attachment":[{"href":"https:\/\/www.andreclaude.fr\/web\/index.php\/wp-json\/wp\/v2\/media?parent=21954"}],"wp:term":[{"taxonomy":"product_cat","embeddable":true,"href":"https:\/\/www.andreclaude.fr\/web\/index.php\/wp-json\/wp\/v2\/product_cat?post=21954"},{"taxonomy":"product_tag","embeddable":true,"href":"https:\/\/www.andreclaude.fr\/web\/index.php\/wp-json\/wp\/v2\/product_tag?post=21954"}],"curies":[{"name":"wp","href":"https:\/\/api.w.org\/{rel}","templated":true}]}}