{"id":21768,"date":"2025-01-14T09:36:40","date_gmt":"2025-01-14T08:36:40","guid":{"rendered":"https:\/\/www.andreclaude.fr\/web\/?post_type=product&#038;p=21768"},"modified":"2025-01-14T09:37:55","modified_gmt":"2025-01-14T08:37:55","slug":"l-j-cote-de-beaune-villages-la-bouteille-75-cl-2018","status":"publish","type":"product","link":"https:\/\/www.andreclaude.fr\/web\/index.php\/produit\/l-j-cote-de-beaune-villages-la-bouteille-75-cl-2018\/","title":{"rendered":"L.J. C\u00f4te de Beaune-villages la bouteille 75 cl 2018"},"content":{"rendered":"","protected":false},"excerpt":{"rendered":"<p>La r\u00e9colte est manuelle en petite caisse afin de pr\u00e9server l&rsquo;int\u00e9grit\u00e9 du fruit. Les raisins sont ensuite tri\u00e9s soigneusement \u00e0 la main puis \u00e9grapp\u00e9s. La mac\u00e9ration des raisins a lieu en cuve ouverte en bois ou en inox pendant 3 semaines \u00e0 4 semaines. Les cuves sont pig\u00e9es 2 fois par jour pendant la fermentation. L&rsquo;\u00e9levage dure 18 mois environ dans les f\u00fbts de notre tonnellerie dont un tiers environ sont neufs.<br \/>\nAlcool 13.5 % Contient des sulfites.<\/p>\n<p>Maison Louis Jadot Route de Savigny, 21200 Beaune<\/p>\n<p>La consommation de boissons alcoolis\u00e9es pendant la grossesse, m\u00eame en faible quantit\u00e9, peut avoir des cons\u00e9quences graves sur la sant\u00e9 de l\u2019enfant.<\/p>\n<p>LA VENTE D ALCOOL EST INTERDITE AUX MINEURS.<\/p>\n<p>L ABUS D ALCOOL EST DANGEREUX POUR LA SANTE. A CONSOMMER AVEC MODERATION.<\/p>\n","protected":false},"featured_media":20411,"comment_status":"closed","ping_status":"closed","template":"","meta":[],"product_cat":[194,158],"product_tag":[],"jetpack_publicize_connections":[],"_links":{"self":[{"href":"https:\/\/www.andreclaude.fr\/web\/index.php\/wp-json\/wp\/v2\/product\/21768"}],"collection":[{"href":"https:\/\/www.andreclaude.fr\/web\/index.php\/wp-json\/wp\/v2\/product"}],"about":[{"href":"https:\/\/www.andreclaude.fr\/web\/index.php\/wp-json\/wp\/v2\/types\/product"}],"replies":[{"embeddable":true,"href":"https:\/\/www.andreclaude.fr\/web\/index.php\/wp-json\/wp\/v2\/comments?post=21768"}],"wp:featuredmedia":[{"embeddable":true,"href":"https:\/\/www.andreclaude.fr\/web\/index.php\/wp-json\/wp\/v2\/media\/20411"}],"wp:attachment":[{"href":"https:\/\/www.andreclaude.fr\/web\/index.php\/wp-json\/wp\/v2\/media?parent=21768"}],"wp:term":[{"taxonomy":"product_cat","embeddable":true,"href":"https:\/\/www.andreclaude.fr\/web\/index.php\/wp-json\/wp\/v2\/product_cat?post=21768"},{"taxonomy":"product_tag","embeddable":true,"href":"https:\/\/www.andreclaude.fr\/web\/index.php\/wp-json\/wp\/v2\/product_tag?post=21768"}],"curies":[{"name":"wp","href":"https:\/\/api.w.org\/{rel}","templated":true}]}}