{"id":21755,"date":"2025-01-11T09:24:19","date_gmt":"2025-01-11T08:24:19","guid":{"rendered":"https:\/\/www.andreclaude.fr\/web\/?post_type=product&#038;p=21755"},"modified":"2025-01-11T09:31:22","modified_gmt":"2025-01-11T08:31:22","slug":"graves-chateau-mestre-renaud-la-bouteille-75-cl-2022","status":"publish","type":"product","link":"https:\/\/www.andreclaude.fr\/web\/index.php\/produit\/graves-chateau-mestre-renaud-la-bouteille-75-cl-2022\/","title":{"rendered":"Graves Chateau Mestre Renaud la bouteille 75 cl 2022"},"content":{"rendered":"","protected":false},"excerpt":{"rendered":"<p>8 \u20ac la bouteille au cartons de 6 bouteilles<\/p>\n<p><span class=\"borie-manoux\">Borie-Manoux<\/span>, cr\u00e9\u00e9 par Eug\u00e8ne et Emile Borie en 1870, est une maison aujourd\u2019hui reconnue,<br \/>\nqui a \u00e9volu\u00e9 pendant plus d\u2019un si\u00e8cle gr\u00e2ce aux familles Borie et Cast\u00e9ja.<\/p>\n<p class=\" text-justify\">Alcool 13.5 % Contient des sulfites.<\/p>\n<p class=\" text-justify\">La consommation de boissons alcoolis\u00e9es pendant la grossesse, m\u00eame en faible quantit\u00e9, peut avoir des cons\u00e9quences graves sur la sant\u00e9 de l\u2019enfant.<\/p>\n<p class=\" text-justify\">L ABUS D ALCOOL EST DANGEREUX POUR LA SANTE. A CONSOMMER AVEC MODERATION.<\/p>\n<p class=\" text-justify\">LA VENTE D ALCOOL EST INTERDITE AUX MINEURS.<\/p>\n<p>Borie Manoux 33 433 Cars<\/p>\n","protected":false},"featured_media":21756,"comment_status":"closed","ping_status":"closed","template":"","meta":[],"product_cat":[194,157],"product_tag":[],"jetpack_publicize_connections":[],"_links":{"self":[{"href":"https:\/\/www.andreclaude.fr\/web\/index.php\/wp-json\/wp\/v2\/product\/21755"}],"collection":[{"href":"https:\/\/www.andreclaude.fr\/web\/index.php\/wp-json\/wp\/v2\/product"}],"about":[{"href":"https:\/\/www.andreclaude.fr\/web\/index.php\/wp-json\/wp\/v2\/types\/product"}],"replies":[{"embeddable":true,"href":"https:\/\/www.andreclaude.fr\/web\/index.php\/wp-json\/wp\/v2\/comments?post=21755"}],"wp:featuredmedia":[{"embeddable":true,"href":"https:\/\/www.andreclaude.fr\/web\/index.php\/wp-json\/wp\/v2\/media\/21756"}],"wp:attachment":[{"href":"https:\/\/www.andreclaude.fr\/web\/index.php\/wp-json\/wp\/v2\/media?parent=21755"}],"wp:term":[{"taxonomy":"product_cat","embeddable":true,"href":"https:\/\/www.andreclaude.fr\/web\/index.php\/wp-json\/wp\/v2\/product_cat?post=21755"},{"taxonomy":"product_tag","embeddable":true,"href":"https:\/\/www.andreclaude.fr\/web\/index.php\/wp-json\/wp\/v2\/product_tag?post=21755"}],"curies":[{"name":"wp","href":"https:\/\/api.w.org\/{rel}","templated":true}]}}