{"id":21080,"date":"2024-03-01T07:45:06","date_gmt":"2024-03-01T06:45:06","guid":{"rendered":"https:\/\/www.andreclaude.fr\/web\/?post_type=product&#038;p=21080"},"modified":"2024-03-01T07:54:38","modified_gmt":"2024-03-01T06:54:38","slug":"whisky-francais-bellevoye-triple-malt-finition-calvados-70-cl","status":"publish","type":"product","link":"https:\/\/www.andreclaude.fr\/web\/index.php\/produit\/whisky-francais-bellevoye-triple-malt-finition-calvados-70-cl\/","title":{"rendered":"Whisky Fran\u00e7ais Bellevoye triple malt finition calvados 70 cl"},"content":{"rendered":"","protected":false},"excerpt":{"rendered":"<p>BELLEVOYE est d\u00e9j\u00e0 en t\u00eate du classement des whiskies fran\u00e7ais. Servi \u00e0 l\u2019Elys\u00e9e, il a \u00e9galement gagn\u00e9 l\u2019appel d\u2019offres d\u2019Air France pour la classe affaires. BELLEVOYE est une des productions qui se fait de mieux dans le Monde du whisky.<\/p>\n<p>\u00c9levage<\/p>\n<p>Primaire : trois \u00e0 cinq ans en barriques de ch\u00eane.<br \/>\nSecondaire : affinage en ex-barriques de vieux Calvados.<\/p>\n<p>Degr\u00e9 43 %<\/p>\n<p>L ABUS D ALCOOL EST DANGEREUX POUR LA SANTE. A CONSOMMER AVEC MODERATION.<\/p>\n<p>LA VENTE D ALCOOL EST INTERDITE AUX MINEURS.<\/p>\n<p>Les bienheureux 75000 Paris<\/p>\n","protected":false},"featured_media":21081,"comment_status":"closed","ping_status":"closed","template":"","meta":[],"product_cat":[194,164],"product_tag":[],"jetpack_publicize_connections":[],"_links":{"self":[{"href":"https:\/\/www.andreclaude.fr\/web\/index.php\/wp-json\/wp\/v2\/product\/21080"}],"collection":[{"href":"https:\/\/www.andreclaude.fr\/web\/index.php\/wp-json\/wp\/v2\/product"}],"about":[{"href":"https:\/\/www.andreclaude.fr\/web\/index.php\/wp-json\/wp\/v2\/types\/product"}],"replies":[{"embeddable":true,"href":"https:\/\/www.andreclaude.fr\/web\/index.php\/wp-json\/wp\/v2\/comments?post=21080"}],"wp:featuredmedia":[{"embeddable":true,"href":"https:\/\/www.andreclaude.fr\/web\/index.php\/wp-json\/wp\/v2\/media\/21081"}],"wp:attachment":[{"href":"https:\/\/www.andreclaude.fr\/web\/index.php\/wp-json\/wp\/v2\/media?parent=21080"}],"wp:term":[{"taxonomy":"product_cat","embeddable":true,"href":"https:\/\/www.andreclaude.fr\/web\/index.php\/wp-json\/wp\/v2\/product_cat?post=21080"},{"taxonomy":"product_tag","embeddable":true,"href":"https:\/\/www.andreclaude.fr\/web\/index.php\/wp-json\/wp\/v2\/product_tag?post=21080"}],"curies":[{"name":"wp","href":"https:\/\/api.w.org\/{rel}","templated":true}]}}